{"id":3897,"date":"2025-11-28T13:33:02","date_gmt":"2025-11-28T12:33:02","guid":{"rendered":"https:\/\/schock-group.com\/?page_id=3897"},"modified":"2025-11-28T15:03:46","modified_gmt":"2025-11-28T14:03:46","slug":"telescopix","status":"publish","type":"page","link":"https:\/\/schock-group.com\/en\/telescopix\/","title":{"rendered":"Telescopix"},"content":{"rendered":"<div class=\"et_pb_section_0 et_pb_section et_section_regular et_flex_section\"><div class=\"et_pb_row_0 et_pb_row et_flex_row\"><div class=\"et_pb_column_0 et_pb_column et-last-child et_flex_column et_pb_css_mix_blend_mode_passthrough et_flex_column_24_24 et_flex_column_24_24_tablet et_flex_column_24_24_phone\"><div class=\"et_pb_code_0 et_pb_code et_pb_module\"><div class=\"et_pb_code_inner\">\t\t\t<!-- Flexy Breadcrumb -->\n\t\t\t<div class=\"fbc fbc-page\">\n\n\t\t\t\t<!-- Breadcrumb wrapper -->\n\t\t\t\t<div class=\"fbc-wrap\">\n\n\t\t\t\t\t<!-- Ordered list-->\n\t\t\t\t\t<ol class=\"fbc-items\" itemscope itemtype=\"https:\/\/schema.org\/BreadcrumbList\">\n\t\t\t\t\t\t            <li itemprop=\"itemListElement\" itemscope itemtype=\"https:\/\/schema.org\/ListItem\">\n                <span itemprop=\"name\">\n                    <!-- Home Link -->\n                    <a itemprop=\"item\" href=\"https:\/\/schock-group.com\">\n                    \n                                                    <i class=\"fa fa-home\" aria-hidden=\"true\"><\/i>Home                    <\/a>\n                <\/span>\n                <meta itemprop=\"position\" content=\"1\" \/><!-- Meta Position-->\n             <\/li><li><span class=\"fbc-separator\">\/<\/span><\/li><li class=\"active\" itemprop=\"itemListElement\" itemscope itemtype=\"https:\/\/schema.org\/ListItem\"><span itemprop=\"name\" title=\"Telescopix\">Telescopix<\/span><meta itemprop=\"position\" content=\"2\" \/><\/li>\t\t\t\t\t<\/ol>\n\t\t\t\t\t<div class=\"clearfix\"><\/div>\n\t\t\t\t<\/div>\n\t\t\t<\/div>\n\t\t\t<\/div><\/div><\/div><\/div><\/div>\n\n<div class=\"et_pb_section_1 et_pb_section et_section_regular et_block_section\">\n<div class=\"et_pb_row_1 et_pb_row et_block_row\">\n<div class=\"et_pb_column_1 et_pb_column et_pb_column_2_5 et_block_column et_pb_css_mix_blend_mode_passthrough\">\n<div class=\"et_pb_text_0 et_pb_text et_pb_bg_layout_light et_pb_module et_flex_module\"><div class=\"et_pb_text_inner\" data-et-mv-hidden-phone=\"true\"><h1 style=\"text-align: left;\">TelescopiX<\/h1>\n<h2 style=\"text-align: left;\">Your telescopic slide configurator<\/h2>\n<\/div><\/div>\n<\/div>\n\n<div class=\"et_pb_column_2 et_pb_column et_pb_column_3_5 et-last-child et_block_column et_pb_css_mix_blend_mode_passthrough hide-mobile\">\n<div class=\"et_pb_text_1 et_pb_text et_pb_bg_layout_light et_pb_module et_flex_module\"><div class=\"et_pb_text_inner\"><p><strong>TelescopiX \u2013 Ihr smarter Teleskopschienen-Konfigurator<\/strong><\/p>\n<p><strong>TelescopiX<\/strong> vereinfacht Ihnen die Suche\u00a0 nach Ihrer perfekten Teleskopschiene. Durch Eingabe der Merkmale Schienenl\u00e4nge, Auszugsweg, Tragkraft, Querschnitt oder Funktion erhalten Sie ein oder mehrere Suchergebnisse. Gerne beraten wir Sie aber auch pers\u00f6nlich. Nehmen Sie <strong><a href=\"\/kontakt\/\" title=\"Kontakt zu uns\">Kontakt<\/a><\/strong> mit uns auf.<\/p>\n<p><strong>Einfach bestellt. Schnell geliefert. Perfekt montiert.<\/strong><\/p>\n<\/div><\/div>\n<\/div>\n<\/div>\n<\/div>\n\n<div class=\"et_pb_section_2 et_pb_section et_section_regular et_block_section\">\n<div class=\"et_pb_row_2 et_pb_row et_block_row\">\n<div class=\"et_pb_column_3 et_pb_column et_pb_column_4_4 et-last-child et_block_column et_pb_css_mix_blend_mode_passthrough\">\n<div class=\"et_pb_code_1 et_pb_code et_pb_module\"><div class=\"et_pb_code_inner\"><iframe\n  id=\"configuratorFrame\"\n  src=\"https:\/\/configurator.crmschock.com\/?lang=en\"\n  style=\"position: relative; width: 100%; height: 1600px; border: none; margin: 0;\"\n  sandbox=\"allow-scripts allow-same-origin allow-popups allow-top-navigation-by-user-activation\"\n><\/iframe>\n\n<script>\n  window.addEventListener(\"message\", function (event) {\n    if (event.data && event.data.action === \"openPDF\" && event.data.pdfId) {\n      \/\/ English datasheet\n      var pdfUrl = \"https:\/\/ftp.crmschock.com\/en\/pdf\/en_\" + event.data.pdfId + \".pdf\";\n      window.open(pdfUrl, \"_blank\");\n    }\n  });\n<\/script>\n<\/div><\/div>\n<\/div>\n<\/div>\n<\/div>","protected":false},"excerpt":{"rendered":"","protected":false},"author":2,"featured_media":0,"parent":0,"menu_order":0,"comment_status":"closed","ping_status":"closed","template":"","meta":{"_improvement_type_select":"improve_an_existing","_thumb_yes_seoaic":false,"_frame_yes_seoaic":false,"seoaic_generate_description":"","seoaic_improve_instructions_prompt":"","seoaic_rollback_content_improvement":"","seoaic_idea_thumbnail_generator":"","thumbnail_generated":false,"thumbnail_generate_prompt":"","seoaic_article_description":"","footnotes":""},"class_list":["post-3897","page","type-page","status-publish","hentry"],"yoast_head":"<!-- This site is optimized with the Yoast SEO plugin v27.5 - https:\/\/yoast.com\/product\/yoast-seo-wordpress\/ -->\n<title>Telescopix - SCHOCK\u00ae Telescopic slides<\/title>\n<meta name=\"description\" content=\"TelescopiX, the SCHOCK\u00ae telescopic rail configurator. Easily configure and order your ideal telescopic rails.\" \/>\n<meta name=\"robots\" content=\"index, follow, max-snippet:-1, max-image-preview:large, max-video-preview:-1\" \/>\n<link rel=\"canonical\" href=\"https:\/\/schock-group.com\/en\/telescopix\/\" \/>\n<meta property=\"og:locale\" content=\"en_US\" \/>\n<meta property=\"og:type\" content=\"article\" \/>\n<meta property=\"og:title\" content=\"Telescopix - SCHOCK\u00ae Telescopic slides\" \/>\n<meta property=\"og:description\" content=\"TelescopiX, the SCHOCK\u00ae telescopic rail configurator. Easily configure and order your ideal telescopic rails.\" \/>\n<meta property=\"og:url\" content=\"https:\/\/schock-group.com\/en\/telescopix\/\" \/>\n<meta property=\"og:site_name\" content=\"SCHOCK\u00ae Telescopic slides\" \/>\n<meta property=\"article:modified_time\" content=\"2025-11-28T14:03:46+00:00\" \/>\n<meta name=\"twitter:card\" content=\"summary_large_image\" \/>\n<script type=\"application\/ld+json\" class=\"yoast-schema-graph\">{\"@context\":\"https:\\\/\\\/schema.org\",\"@graph\":[{\"@type\":\"WebPage\",\"@id\":\"https:\\\/\\\/schock-group.com\\\/en\\\/telescopix\\\/\",\"url\":\"https:\\\/\\\/schock-group.com\\\/en\\\/telescopix\\\/\",\"name\":\"Telescopix - SCHOCK\u00ae Telescopic slides\",\"isPartOf\":{\"@id\":\"https:\\\/\\\/schock-group.com\\\/en\\\/#website\"},\"datePublished\":\"2025-11-28T12:33:02+00:00\",\"dateModified\":\"2025-11-28T14:03:46+00:00\",\"description\":\"TelescopiX, the SCHOCK\u00ae telescopic rail configurator. Easily configure and order your ideal telescopic rails.\",\"breadcrumb\":{\"@id\":\"https:\\\/\\\/schock-group.com\\\/en\\\/telescopix\\\/#breadcrumb\"},\"inLanguage\":\"en-US\",\"potentialAction\":[{\"@type\":\"ReadAction\",\"target\":[\"https:\\\/\\\/schock-group.com\\\/en\\\/telescopix\\\/\"]}]},{\"@type\":\"BreadcrumbList\",\"@id\":\"https:\\\/\\\/schock-group.com\\\/en\\\/telescopix\\\/#breadcrumb\",\"itemListElement\":[{\"@type\":\"ListItem\",\"position\":1,\"name\":\"Home\",\"item\":\"https:\\\/\\\/schock-group.com\\\/en\\\/\"},{\"@type\":\"ListItem\",\"position\":2,\"name\":\"Telescopix\"}]},{\"@type\":\"WebSite\",\"@id\":\"https:\\\/\\\/schock-group.com\\\/en\\\/#website\",\"url\":\"https:\\\/\\\/schock-group.com\\\/en\\\/\",\"name\":\"Schock Group\",\"description\":\"Unabh\u00e4ngig. Pers\u00f6nlich. L\u00f6sungsorientiert.\",\"potentialAction\":[{\"@type\":\"SearchAction\",\"target\":{\"@type\":\"EntryPoint\",\"urlTemplate\":\"https:\\\/\\\/schock-group.com\\\/en\\\/?s={search_term_string}\"},\"query-input\":{\"@type\":\"PropertyValueSpecification\",\"valueRequired\":true,\"valueName\":\"search_term_string\"}}],\"inLanguage\":\"en-US\"}]}<\/script>\n<!-- \/ Yoast SEO plugin. -->","yoast_head_json":{"title":"Telescopix - SCHOCK\u00ae Telescopic slides","description":"TelescopiX, the SCHOCK\u00ae telescopic rail configurator. Easily configure and order your ideal telescopic rails.","robots":{"index":"index","follow":"follow","max-snippet":"max-snippet:-1","max-image-preview":"max-image-preview:large","max-video-preview":"max-video-preview:-1"},"canonical":"https:\/\/schock-group.com\/en\/telescopix\/","og_locale":"en_US","og_type":"article","og_title":"Telescopix - SCHOCK\u00ae Telescopic slides","og_description":"TelescopiX, the SCHOCK\u00ae telescopic rail configurator. Easily configure and order your ideal telescopic rails.","og_url":"https:\/\/schock-group.com\/en\/telescopix\/","og_site_name":"SCHOCK\u00ae Telescopic slides","article_modified_time":"2025-11-28T14:03:46+00:00","twitter_card":"summary_large_image","schema":{"@context":"https:\/\/schema.org","@graph":[{"@type":"WebPage","@id":"https:\/\/schock-group.com\/en\/telescopix\/","url":"https:\/\/schock-group.com\/en\/telescopix\/","name":"Telescopix - SCHOCK\u00ae Telescopic slides","isPartOf":{"@id":"https:\/\/schock-group.com\/en\/#website"},"datePublished":"2025-11-28T12:33:02+00:00","dateModified":"2025-11-28T14:03:46+00:00","description":"TelescopiX, the SCHOCK\u00ae telescopic rail configurator. Easily configure and order your ideal telescopic rails.","breadcrumb":{"@id":"https:\/\/schock-group.com\/en\/telescopix\/#breadcrumb"},"inLanguage":"en-US","potentialAction":[{"@type":"ReadAction","target":["https:\/\/schock-group.com\/en\/telescopix\/"]}]},{"@type":"BreadcrumbList","@id":"https:\/\/schock-group.com\/en\/telescopix\/#breadcrumb","itemListElement":[{"@type":"ListItem","position":1,"name":"Home","item":"https:\/\/schock-group.com\/en\/"},{"@type":"ListItem","position":2,"name":"Telescopix"}]},{"@type":"WebSite","@id":"https:\/\/schock-group.com\/en\/#website","url":"https:\/\/schock-group.com\/en\/","name":"Schock Group","description":"Unabh\u00e4ngig. Pers\u00f6nlich. L\u00f6sungsorientiert.","potentialAction":[{"@type":"SearchAction","target":{"@type":"EntryPoint","urlTemplate":"https:\/\/schock-group.com\/en\/?s={search_term_string}"},"query-input":{"@type":"PropertyValueSpecification","valueRequired":true,"valueName":"search_term_string"}}],"inLanguage":"en-US"}]}},"_links":{"self":[{"href":"https:\/\/schock-group.com\/en\/wp-json\/wp\/v2\/pages\/3897","targetHints":{"allow":["GET"]}}],"collection":[{"href":"https:\/\/schock-group.com\/en\/wp-json\/wp\/v2\/pages"}],"about":[{"href":"https:\/\/schock-group.com\/en\/wp-json\/wp\/v2\/types\/page"}],"author":[{"embeddable":true,"href":"https:\/\/schock-group.com\/en\/wp-json\/wp\/v2\/users\/2"}],"replies":[{"embeddable":true,"href":"https:\/\/schock-group.com\/en\/wp-json\/wp\/v2\/comments?post=3897"}],"version-history":[{"count":5,"href":"https:\/\/schock-group.com\/en\/wp-json\/wp\/v2\/pages\/3897\/revisions"}],"predecessor-version":[{"id":3909,"href":"https:\/\/schock-group.com\/en\/wp-json\/wp\/v2\/pages\/3897\/revisions\/3909"}],"wp:attachment":[{"href":"https:\/\/schock-group.com\/en\/wp-json\/wp\/v2\/media?parent=3897"}],"curies":[{"name":"wp","href":"https:\/\/api.w.org\/{rel}","templated":true}]}}