{"id":3856,"date":"2025-10-15T09:13:55","date_gmt":"2025-10-15T07:13:55","guid":{"rendered":"https:\/\/schock-group.com\/?page_id=3856"},"modified":"2025-10-15T12:09:02","modified_gmt":"2025-10-15T10:09:02","slug":"telescopic-slides-up-to-100-kg-3","status":"publish","type":"page","link":"https:\/\/schock-group.com\/en\/telescopic-slides-up-to-100-kg-3\/","title":{"rendered":"Stainless steel telescopic slides"},"content":{"rendered":"<div class=\"et_pb_section_0 et_pb_section et_section_regular et_flex_section\">\r\n<div class=\"et_pb_row_0 et_pb_row et_flex_row\">\r\n<div class=\"et_pb_column_0 et_pb_column et-last-child et_flex_column et_pb_css_mix_blend_mode_passthrough et_flex_column_24_24 et_flex_column_24_24_tablet et_flex_column_24_24_phone\">\r\n<div class=\"et_pb_code_0 et_pb_code et_pb_module\"><div class=\"et_pb_code_inner\">\t\t\t<!-- Flexy Breadcrumb -->\n\t\t\t<div class=\"fbc fbc-page\">\n\n\t\t\t\t<!-- Breadcrumb wrapper -->\n\t\t\t\t<div class=\"fbc-wrap\">\n\n\t\t\t\t\t<!-- Ordered list-->\n\t\t\t\t\t<ol class=\"fbc-items\" itemscope itemtype=\"https:\/\/schema.org\/BreadcrumbList\">\n\t\t\t\t\t\t            <li itemprop=\"itemListElement\" itemscope itemtype=\"https:\/\/schema.org\/ListItem\">\n                <span itemprop=\"name\">\n                    <!-- Home Link -->\n                    <a itemprop=\"item\" href=\"https:\/\/schock-group.com\">\n                    \n                                                    <i class=\"fa fa-home\" aria-hidden=\"true\"><\/i>Home                    <\/a>\n                <\/span>\n                <meta itemprop=\"position\" content=\"1\" \/><!-- Meta Position-->\n             <\/li><li><span class=\"fbc-separator\">\/<\/span><\/li><li class=\"active\" itemprop=\"itemListElement\" itemscope itemtype=\"https:\/\/schema.org\/ListItem\"><span itemprop=\"name\" title=\"Stainless steel telescopic slides\">Stainless steel telescopic slides<\/span><meta itemprop=\"position\" content=\"2\" \/><\/li>\t\t\t\t\t<\/ol>\n\t\t\t\t\t<div class=\"clearfix\"><\/div>\n\t\t\t\t<\/div>\n\t\t\t<\/div>\n\t\t\t<\/div><\/div>\r\n<\/div>\r\n<\/div>\r\n<\/div>\n\n<div class=\"et_pb_section_1 et_pb_section et_section_regular et_block_section\">\n<div class=\"et_pb_row_1 et_pb_row et_block_row\">\n<div class=\"et_pb_column_1 et_pb_column et_pb_column_4_4 et-last-child et_block_column et_pb_css_mix_blend_mode_passthrough\">\n<div class=\"et_pb_text_0 et_pb_text et_pb_bg_layout_light et_animated et_pb_module et_flex_module\"><div class=\"et_pb_text_inner\"><h1>Telescopic slides made of stainless steel (1.4301).<\/h1>\n<p>SCHOCK\u00ae stainless steel telescopic slides, corrosion-resistant for demanding applications.<\/p>\n<\/div><\/div>\n<\/div>\n<\/div>\n<\/div>\n\n<div class=\"et_pb_section_2 et_pb_section et_section_regular et_block_section\">\n<div class=\"et_pb_row_2 et_pb_row et_pb_row_6col et-vb-row--no-module et_block_row et_block_row_6col\">\n<div class=\"et_pb_column_2 et_pb_column et_pb_column_1_6 et_block_column et_pb_column_empty et_pb_css_mix_blend_mode_passthrough\"><\/div>\n\n<div class=\"et_pb_column_3 et_pb_column et_pb_column_1_6 et_block_column et_pb_column_empty et_pb_css_mix_blend_mode_passthrough\"><\/div>\n\n<div class=\"et_pb_column_4 et_pb_column et_pb_column_1_6 et_block_column et_pb_column_empty et_pb_css_mix_blend_mode_passthrough\"><\/div>\n\n<div class=\"et_pb_column_5 et_pb_column et_pb_column_1_6 et_block_column et_pb_column_empty et_pb_css_mix_blend_mode_passthrough\"><\/div>\n\n<div class=\"et_pb_column_6 et_pb_column et_pb_column_1_6 et_block_column et_pb_column_empty et_pb_css_mix_blend_mode_passthrough\"><\/div>\n\n<div class=\"et_pb_column_7 et_pb_column et_pb_column_1_6 et-last-child et_block_column et_pb_column_empty et_pb_css_mix_blend_mode_passthrough\"><\/div>\n<\/div>\n<\/div>\n\n<div class=\"et_pb_section_3 et_pb_section et_section_regular et_block_section\">\n<div class=\"et_pb_row_3 et_pb_row et_pb_row_1-4_1-2_1-4 et_block_row et_block_row_1-4_1-2_1-4\" id=\"044\">\n<div class=\"et_pb_column_8 et_pb_column et_pb_column_1_4 et_block_column et_pb_css_mix_blend_mode_passthrough\">\n<div class=\"et_pb_text_1 et_pb_text et_pb_bg_layout_light et_pb_module et_flex_module\"><div class=\"et_pb_text_inner\"><h3>Over extension series 040<\/h3>\n<\/div><\/div>\n\n<div class=\"et_pb_text_2 et_pb_text et_pb_bg_layout_light et_pb_module et_flex_module\"><div class=\"et_pb_text_inner\"><p><strong>Technical Data<\/strong><\/p>\n<ul>\n<li>Load capacity: up to 35 kg\/pair<\/li>\n<li>Extension type: Over-extension<\/li>\n<li>Lengths: 300 to 550mm<\/li>\n<li>Cross-section: 20.0 x 27.2 mm<\/li>\n<li>Material: V2A (1.4301)<\/li>\n<\/ul>\n<\/div><\/div>\n\n<div class=\"et_pb_module et_pb_button_module_wrapper et_pb_button_0_wrapper\"><a class=\"et_pb_button_0 et_pb_button et_pb_bg_layout_light et_pb_module et_flex_module\" href=\"\/wp-content\/uploads\/2025\/07\/en-2040_al.pdf\" target=\"_blank\">Data sheet PDF<\/a><\/div>\n<\/div>\n\n<div class=\"et_pb_column_9 et_pb_column et_pb_column_1_2 et_block_column et_pb_css_mix_blend_mode_passthrough\">\n<div class=\"et_pb_text_3 et_pb_text et_pb_bg_layout_light et_pb_module et_flex_module\"><div class=\"et_pb_text_inner\"><h3>35 Kg, Cross-section 20.0 X 27.2 mm<\/h3>\n<p><strong>Up to 200\u00b0C, food-grade grease<\/strong><\/p>\n<p>This high-quality telescopic slides made of <strong>stainless steel 1.4301 (V2A)<\/strong> offers reliable functionality even under demanding conditions. Its <strong>corrosion-resistant design<\/strong> makes it ideal for use in damp or hygienically sensitive areas such as medical technology, food processing, gastronomy, laboratories or maritime applications. <br \/><strong>Typical areas of application:<\/strong> Medical technology and laboratory equipment, food industry and commercial kitchens, marine and outdoor applications, furniture and mechanical engineering.<\/p>\n<\/div><\/div>\n\n<div class=\"et_pb_module et_pb_button_module_wrapper et_pb_button_1_wrapper\"><a class=\"et_pb_button_1 et_pb_button et_pb_bg_layout_light et_pb_module et_flex_module\" href=\"\/handler\/\">Find Your Dealer<\/a><\/div>\n<\/div>\n\n<div class=\"et_pb_column_10 et_pb_column et_pb_column_1_4 et-last-child et_block_column et_pb_css_mix_blend_mode_passthrough\">\n<div class=\"et_pb_text_4 et_pb_text et_pb_bg_layout_light et_pb_module et_flex_module\"><div class=\"et_pb_text_inner\"><p style=\"text-align: center;\"><strong>3D-ready<\/strong><\/p>\n<\/div><\/div>\n\n<div class=\"et_pb_code_1 et_pb_code et_pb_module\"><\/div>\n\n<div class=\"et_pb_code_2 et_pb_code et_pb_module\"><\/div>\n<\/div>\n<\/div>\n\n<div class=\"et_pb_row_4 et_pb_row et_block_row\">\n<div class=\"et_pb_column_11 et_pb_column et_pb_column_4_4 et-last-child et_block_column et_pb_css_mix_blend_mode_passthrough\">\n<div class=\"et_pb_divider_0 et_pb_divider et_pb_space et_pb_divider_position_top et_pb_module\"><div class=\"et_pb_divider_internal\"><\/div><\/div>\n<\/div>\n<\/div>\n\n<div class=\"et_pb_row_5 et_pb_row et_pb_row_1-4_1-2_1-4 et_block_row et_block_row_1-4_1-2_1-4\" id=\"044\">\n<div class=\"et_pb_column_12 et_pb_column et_pb_column_1_4 et_block_column et_pb_css_mix_blend_mode_passthrough\">\n<div class=\"et_pb_text_5 et_pb_text et_pb_bg_layout_light et_pb_module et_flex_module\"><div class=\"et_pb_text_inner\"><h3>Over extension series 078<\/h3>\n<\/div><\/div>\n\n<div class=\"et_pb_text_6 et_pb_text et_pb_bg_layout_light et_pb_module et_flex_module\"><div class=\"et_pb_text_inner\"><p><strong>Technical Data<\/strong><\/p>\n<ul>\n<li>Load capacity: up to 140 kg\/pair<\/li>\n<li>Extension type: Over-extension<\/li>\n<li>Lengths: 300 to 800mm<\/li>\n<li>Cross-section: 19.5 x 53.0 mm<\/li>\n<li>Material: V2A (1.4301)<\/li>\n<\/ul>\n<\/div><\/div>\n\n<div class=\"et_pb_module et_pb_button_module_wrapper et_pb_button_2_wrapper\"><a class=\"et_pb_button_2 et_pb_button et_pb_bg_layout_light et_pb_module et_flex_module\" href=\"\/wp-content\/uploads\/2025\/07\/en-2078_al.pdf\" target=\"_blank\">Data sheet PDF<\/a><\/div>\n<\/div>\n\n<div class=\"et_pb_column_13 et_pb_column et_pb_column_1_2 et_block_column et_pb_css_mix_blend_mode_passthrough\">\n<div class=\"et_pb_text_7 et_pb_text et_pb_bg_layout_light et_pb_module et_flex_module\"><div class=\"et_pb_text_inner\"><h3>140 Kg, Cross-section 19.5 X 53.0 mm<\/h3>\n<p><strong>Functions: Hold-in<\/strong><\/p>\n<p>Robust telescopic slide made of high-quality <strong>stainless steel 1.4301<\/strong> for demanding applications in industry, medical technology, food production and maritime environments. The corrosion-resistant material makes it ideal for use in damp or hygienically sensitive environments. <br \/><strong>Typical areas of application:<\/strong> Medical technology and laboratory equipment, food industry and commercial kitchens, marine and outdoor applications, furniture and mechanical engineering.<\/p>\n<\/div><\/div>\n\n<div class=\"et_pb_module et_pb_button_module_wrapper et_pb_button_3_wrapper\"><a class=\"et_pb_button_3 et_pb_button et_pb_bg_layout_light et_pb_module et_flex_module\" href=\"\/handler\/\">Find Your Dealer<\/a><\/div>\n<\/div>\n\n<div class=\"et_pb_column_14 et_pb_column et_pb_column_1_4 et-last-child et_block_column et_pb_css_mix_blend_mode_passthrough\">\n<div class=\"et_pb_text_8 et_pb_text et_pb_bg_layout_light et_pb_module et_flex_module\"><div class=\"et_pb_text_inner\"><p style=\"text-align: center;\"><strong>3D-ready<\/strong><\/p>\n<\/div><\/div>\n\n<div class=\"et_pb_code_3 et_pb_code et_pb_module\"><\/div>\n\n<div class=\"et_pb_code_4 et_pb_code et_pb_module\"><\/div>\n<\/div>\n<\/div>\n<\/div>","protected":false},"excerpt":{"rendered":"","protected":false},"author":2,"featured_media":0,"parent":0,"menu_order":0,"comment_status":"closed","ping_status":"closed","template":"","meta":{"_improvement_type_select":"improve_an_existing","_thumb_yes_seoaic":false,"_frame_yes_seoaic":false,"seoaic_generate_description":"","seoaic_improve_instructions_prompt":"","seoaic_rollback_content_improvement":"","seoaic_idea_thumbnail_generator":"","thumbnail_generated":false,"thumbnail_generate_prompt":"","seoaic_article_description":"","footnotes":""},"class_list":["post-3856","page","type-page","status-publish","hentry"],"yoast_head":"<!-- This site is optimized with the Yoast SEO plugin v27.3 - https:\/\/yoast.com\/product\/yoast-seo-wordpress\/ -->\n<title>Stainless steel telescopic slides - SCHOCK\u00ae Telescopic slides<\/title>\n<meta name=\"description\" content=\"Telescopic slides up to 100 kg\/Pair. SCHOCK telescopic slides for medium to high load capacities with various functions.\" \/>\n<meta name=\"robots\" content=\"index, follow, max-snippet:-1, max-image-preview:large, max-video-preview:-1\" \/>\n<link rel=\"canonical\" href=\"https:\/\/schock-group.com\/en\/telescopic-slides-up-to-100-kg-3\/\" \/>\n<meta property=\"og:locale\" content=\"en_US\" \/>\n<meta property=\"og:type\" content=\"article\" \/>\n<meta property=\"og:title\" content=\"Stainless steel telescopic slides - SCHOCK\u00ae Telescopic slides\" \/>\n<meta property=\"og:description\" content=\"Telescopic slides up to 100 kg\/Pair. SCHOCK telescopic slides for medium to high load capacities with various functions.\" \/>\n<meta property=\"og:url\" content=\"https:\/\/schock-group.com\/en\/telescopic-slides-up-to-100-kg-3\/\" \/>\n<meta property=\"og:site_name\" content=\"SCHOCK\u00ae Telescopic slides\" \/>\n<meta property=\"article:modified_time\" content=\"2025-10-15T10:09:02+00:00\" \/>\n<meta name=\"twitter:card\" content=\"summary_large_image\" \/>\n<script type=\"application\/ld+json\" class=\"yoast-schema-graph\">{\"@context\":\"https:\\\/\\\/schema.org\",\"@graph\":[{\"@type\":\"WebPage\",\"@id\":\"https:\\\/\\\/schock-group.com\\\/en\\\/telescopic-slides-up-to-100-kg-3\\\/\",\"url\":\"https:\\\/\\\/schock-group.com\\\/en\\\/telescopic-slides-up-to-100-kg-3\\\/\",\"name\":\"Stainless steel telescopic slides - SCHOCK\u00ae Telescopic slides\",\"isPartOf\":{\"@id\":\"https:\\\/\\\/schock-group.com\\\/en\\\/#website\"},\"datePublished\":\"2025-10-15T07:13:55+00:00\",\"dateModified\":\"2025-10-15T10:09:02+00:00\",\"description\":\"Telescopic slides up to 100 kg\\\/Pair. SCHOCK telescopic slides for medium to high load capacities with various functions.\",\"breadcrumb\":{\"@id\":\"https:\\\/\\\/schock-group.com\\\/en\\\/telescopic-slides-up-to-100-kg-3\\\/#breadcrumb\"},\"inLanguage\":\"en-US\",\"potentialAction\":[{\"@type\":\"ReadAction\",\"target\":[\"https:\\\/\\\/schock-group.com\\\/en\\\/telescopic-slides-up-to-100-kg-3\\\/\"]}]},{\"@type\":\"BreadcrumbList\",\"@id\":\"https:\\\/\\\/schock-group.com\\\/en\\\/telescopic-slides-up-to-100-kg-3\\\/#breadcrumb\",\"itemListElement\":[{\"@type\":\"ListItem\",\"position\":1,\"name\":\"Home\",\"item\":\"https:\\\/\\\/schock-group.com\\\/en\\\/\"},{\"@type\":\"ListItem\",\"position\":2,\"name\":\"Stainless steel telescopic slides\"}]},{\"@type\":\"WebSite\",\"@id\":\"https:\\\/\\\/schock-group.com\\\/en\\\/#website\",\"url\":\"https:\\\/\\\/schock-group.com\\\/en\\\/\",\"name\":\"Schock Group\",\"description\":\"Unabh\u00e4ngig. Pers\u00f6nlich. L\u00f6sungsorientiert.\",\"potentialAction\":[{\"@type\":\"SearchAction\",\"target\":{\"@type\":\"EntryPoint\",\"urlTemplate\":\"https:\\\/\\\/schock-group.com\\\/en\\\/?s={search_term_string}\"},\"query-input\":{\"@type\":\"PropertyValueSpecification\",\"valueRequired\":true,\"valueName\":\"search_term_string\"}}],\"inLanguage\":\"en-US\"}]}<\/script>\n<!-- \/ Yoast SEO plugin. -->","yoast_head_json":{"title":"Stainless steel telescopic slides - SCHOCK\u00ae Telescopic slides","description":"Telescopic slides up to 100 kg\/Pair. SCHOCK telescopic slides for medium to high load capacities with various functions.","robots":{"index":"index","follow":"follow","max-snippet":"max-snippet:-1","max-image-preview":"max-image-preview:large","max-video-preview":"max-video-preview:-1"},"canonical":"https:\/\/schock-group.com\/en\/telescopic-slides-up-to-100-kg-3\/","og_locale":"en_US","og_type":"article","og_title":"Stainless steel telescopic slides - SCHOCK\u00ae Telescopic slides","og_description":"Telescopic slides up to 100 kg\/Pair. SCHOCK telescopic slides for medium to high load capacities with various functions.","og_url":"https:\/\/schock-group.com\/en\/telescopic-slides-up-to-100-kg-3\/","og_site_name":"SCHOCK\u00ae Telescopic slides","article_modified_time":"2025-10-15T10:09:02+00:00","twitter_card":"summary_large_image","schema":{"@context":"https:\/\/schema.org","@graph":[{"@type":"WebPage","@id":"https:\/\/schock-group.com\/en\/telescopic-slides-up-to-100-kg-3\/","url":"https:\/\/schock-group.com\/en\/telescopic-slides-up-to-100-kg-3\/","name":"Stainless steel telescopic slides - SCHOCK\u00ae Telescopic slides","isPartOf":{"@id":"https:\/\/schock-group.com\/en\/#website"},"datePublished":"2025-10-15T07:13:55+00:00","dateModified":"2025-10-15T10:09:02+00:00","description":"Telescopic slides up to 100 kg\/Pair. SCHOCK telescopic slides for medium to high load capacities with various functions.","breadcrumb":{"@id":"https:\/\/schock-group.com\/en\/telescopic-slides-up-to-100-kg-3\/#breadcrumb"},"inLanguage":"en-US","potentialAction":[{"@type":"ReadAction","target":["https:\/\/schock-group.com\/en\/telescopic-slides-up-to-100-kg-3\/"]}]},{"@type":"BreadcrumbList","@id":"https:\/\/schock-group.com\/en\/telescopic-slides-up-to-100-kg-3\/#breadcrumb","itemListElement":[{"@type":"ListItem","position":1,"name":"Home","item":"https:\/\/schock-group.com\/en\/"},{"@type":"ListItem","position":2,"name":"Stainless steel telescopic slides"}]},{"@type":"WebSite","@id":"https:\/\/schock-group.com\/en\/#website","url":"https:\/\/schock-group.com\/en\/","name":"Schock Group","description":"Unabh\u00e4ngig. Pers\u00f6nlich. L\u00f6sungsorientiert.","potentialAction":[{"@type":"SearchAction","target":{"@type":"EntryPoint","urlTemplate":"https:\/\/schock-group.com\/en\/?s={search_term_string}"},"query-input":{"@type":"PropertyValueSpecification","valueRequired":true,"valueName":"search_term_string"}}],"inLanguage":"en-US"}]}},"_links":{"self":[{"href":"https:\/\/schock-group.com\/en\/wp-json\/wp\/v2\/pages\/3856","targetHints":{"allow":["GET"]}}],"collection":[{"href":"https:\/\/schock-group.com\/en\/wp-json\/wp\/v2\/pages"}],"about":[{"href":"https:\/\/schock-group.com\/en\/wp-json\/wp\/v2\/types\/page"}],"author":[{"embeddable":true,"href":"https:\/\/schock-group.com\/en\/wp-json\/wp\/v2\/users\/2"}],"replies":[{"embeddable":true,"href":"https:\/\/schock-group.com\/en\/wp-json\/wp\/v2\/comments?post=3856"}],"version-history":[{"count":5,"href":"https:\/\/schock-group.com\/en\/wp-json\/wp\/v2\/pages\/3856\/revisions"}],"predecessor-version":[{"id":3879,"href":"https:\/\/schock-group.com\/en\/wp-json\/wp\/v2\/pages\/3856\/revisions\/3879"}],"wp:attachment":[{"href":"https:\/\/schock-group.com\/en\/wp-json\/wp\/v2\/media?parent=3856"}],"curies":[{"name":"wp","href":"https:\/\/api.w.org\/{rel}","templated":true}]}}