{"id":3844,"date":"2025-10-15T08:25:37","date_gmt":"2025-10-15T06:25:37","guid":{"rendered":"https:\/\/schock-group.com\/?page_id=3844"},"modified":"2025-10-15T11:55:16","modified_gmt":"2025-10-15T09:55:16","slug":"telescopic-slides-up-to-100-kg-2","status":"publish","type":"page","link":"https:\/\/schock-group.com\/en\/telescopic-slides-up-to-100-kg-2\/","title":{"rendered":"Aluminum Telescopic slides"},"content":{"rendered":"<div class=\"et_pb_section_0 et_pb_section et_section_regular et_flex_section\">\r\n<div class=\"et_pb_row_0 et_pb_row et_flex_row\">\r\n<div class=\"et_pb_column_0 et_pb_column et-last-child et_flex_column et_pb_css_mix_blend_mode_passthrough et_flex_column_24_24 et_flex_column_24_24_tablet et_flex_column_24_24_phone\">\r\n<div class=\"et_pb_code_0 et_pb_code et_pb_module\"><div class=\"et_pb_code_inner\">\t\t\t<!-- Flexy Breadcrumb -->\n\t\t\t<div class=\"fbc fbc-page\">\n\n\t\t\t\t<!-- Breadcrumb wrapper -->\n\t\t\t\t<div class=\"fbc-wrap\">\n\n\t\t\t\t\t<!-- Ordered list-->\n\t\t\t\t\t<ol class=\"fbc-items\" itemscope itemtype=\"https:\/\/schema.org\/BreadcrumbList\">\n\t\t\t\t\t\t            <li itemprop=\"itemListElement\" itemscope itemtype=\"https:\/\/schema.org\/ListItem\">\n                <span itemprop=\"name\">\n                    <!-- Home Link -->\n                    <a itemprop=\"item\" href=\"https:\/\/schock-group.com\">\n                    \n                                                    <i class=\"fa fa-home\" aria-hidden=\"true\"><\/i>Home                    <\/a>\n                <\/span>\n                <meta itemprop=\"position\" content=\"1\" \/><!-- Meta Position-->\n             <\/li><li><span class=\"fbc-separator\">\/<\/span><\/li><li class=\"active\" itemprop=\"itemListElement\" itemscope itemtype=\"https:\/\/schema.org\/ListItem\"><span itemprop=\"name\" title=\"Aluminum Telescopic slides\">Aluminum Telescopic slides<\/span><meta itemprop=\"position\" content=\"2\" \/><\/li>\t\t\t\t\t<\/ol>\n\t\t\t\t\t<div class=\"clearfix\"><\/div>\n\t\t\t\t<\/div>\n\t\t\t<\/div>\n\t\t\t<\/div><\/div>\r\n<\/div>\r\n<\/div>\r\n<\/div>\n\n<div class=\"et_pb_section_1 et_pb_section et_section_regular et_block_section\">\n<div class=\"et_pb_row_1 et_pb_row et_block_row\">\n<div class=\"et_pb_column_1 et_pb_column et_pb_column_4_4 et-last-child et_block_column et_pb_css_mix_blend_mode_passthrough\">\n<div class=\"et_pb_text_0 et_pb_text et_pb_bg_layout_light et_animated et_pb_module et_flex_module\"><div class=\"et_pb_text_inner\"><h1>Telescopic slides made of aluminum.<\/h1>\n<p>SCHOCK\u00ae aluminum telescopic slides with a weight reduction of up to 60%.<\/p>\n<\/div><\/div>\n<\/div>\n<\/div>\n<\/div>\n\n<div class=\"et_pb_section_2 et_pb_section et_section_regular et_block_section\">\n<div class=\"et_pb_row_2 et_pb_row et_pb_row_6col et-vb-row--no-module et_block_row et_block_row_6col\">\n<div class=\"et_pb_column_2 et_pb_column et_pb_column_1_6 et_block_column et_pb_column_empty et_pb_css_mix_blend_mode_passthrough\"><\/div>\n\n<div class=\"et_pb_column_3 et_pb_column et_pb_column_1_6 et_block_column et_pb_column_empty et_pb_css_mix_blend_mode_passthrough\"><\/div>\n\n<div class=\"et_pb_column_4 et_pb_column et_pb_column_1_6 et_block_column et_pb_column_empty et_pb_css_mix_blend_mode_passthrough\"><\/div>\n\n<div class=\"et_pb_column_5 et_pb_column et_pb_column_1_6 et_block_column et_pb_column_empty et_pb_css_mix_blend_mode_passthrough\"><\/div>\n\n<div class=\"et_pb_column_6 et_pb_column et_pb_column_1_6 et_block_column et_pb_column_empty et_pb_css_mix_blend_mode_passthrough\"><\/div>\n\n<div class=\"et_pb_column_7 et_pb_column et_pb_column_1_6 et-last-child et_block_column et_pb_column_empty et_pb_css_mix_blend_mode_passthrough\"><\/div>\n<\/div>\n<\/div>\n\n<div class=\"et_pb_section_3 et_pb_section et_section_regular et_block_section\">\n<div class=\"et_pb_row_3 et_pb_row et_pb_row_1-4_1-2_1-4 et_block_row et_block_row_1-4_1-2_1-4\" id=\"044\">\n<div class=\"et_pb_column_8 et_pb_column et_pb_column_1_4 et_block_column et_pb_css_mix_blend_mode_passthrough\">\n<div class=\"et_pb_text_1 et_pb_text et_pb_bg_layout_light et_pb_module et_flex_module\"><div class=\"et_pb_text_inner\"><h3>Over-extension Series 038<\/h3>\n<\/div><\/div>\n\n<div class=\"et_pb_text_2 et_pb_text et_pb_bg_layout_light et_pb_module et_flex_module\"><div class=\"et_pb_text_inner\"><p><strong>Technical Data<\/strong><\/p>\n<ul>\n<li>Load capacity: up to 40 kg\/pair<\/li>\n<li>Extension type: Over-extension<\/li>\n<li>Lengths: 300 to 700 mm<\/li>\n<li>Cross-section: 17.5 x 57.4 mm<\/li>\n<li>Material: AlMg4.5Mn<\/li>\n<\/ul>\n<\/div><\/div>\n\n<div class=\"et_pb_module et_pb_button_module_wrapper et_pb_button_0_wrapper\"><a class=\"et_pb_button_0 et_pb_button et_pb_bg_layout_light et_pb_module et_flex_module\" href=\"\/wp-content\/uploads\/2025\/07\/en-2038_al.pdf\" target=\"_blank\">Data sheet PDF<\/a><\/div>\n<\/div>\n\n<div class=\"et_pb_column_9 et_pb_column et_pb_column_1_2 et_block_column et_pb_css_mix_blend_mode_passthrough\">\n<div class=\"et_pb_text_3 et_pb_text et_pb_bg_layout_light et_pb_module et_flex_module\"><div class=\"et_pb_text_inner\"><h3>40 kg, cross-section 17.5 x 57.4 mm, hold-in, hold-out<\/h3>\n<p><strong>Functions: Hold-in, hold-out<\/strong><\/p>\n<p>The aluminum telescopic slide impresses with its low weight, high stability, and excellent corrosion resistance. The <g id=\"gid_0\">hold-in<\/g> secures the slide in the closed position. Thanks to its robust construction, the slide runs precisely and reliably, ideal for continuous use in demanding applications.  <br \/><strong>Typical applications:<\/strong> Lightweight construction, medical technology, caravans, industrial equipment, furniture and drawer systems, aerospace, and much more.<\/p>\n<\/div><\/div>\n\n<div class=\"et_pb_module et_pb_button_module_wrapper et_pb_button_1_wrapper\"><a class=\"et_pb_button_1 et_pb_button et_pb_bg_layout_light et_pb_module et_flex_module\" href=\"\/handler\/\">Find Your Dealer<\/a><\/div>\n<\/div>\n\n<div class=\"et_pb_column_10 et_pb_column et_pb_column_1_4 et-last-child et_block_column et_pb_css_mix_blend_mode_passthrough\">\n<div class=\"et_pb_text_4 et_pb_text et_pb_bg_layout_light et_pb_module et_flex_module\"><div class=\"et_pb_text_inner\"><p style=\"text-align: center;\"><strong>3D-ready<\/strong><\/p>\n<\/div><\/div>\n\n<div class=\"et_pb_code_1 et_pb_code et_pb_module\"><div class=\"et_pb_code_inner\">\n        <div class=\"modelViewerBlock\" data-attributes='{&quot;align&quot;:&quot;center&quot;,&quot;uniqueId&quot;:&quot;model1568&quot;,&quot;currentViewer&quot;:&quot;modelViewer&quot;,&quot;multiple&quot;:false,&quot;O3DVSettings&quot;:{&quot;isFullscreen&quot;:true,&quot;isPagination&quot;:false,&quot;isNavigation&quot;:false,&quot;camera&quot;:null,&quot;mouseControl&quot;:true},&quot;environmentImage&quot;:&quot;&quot;,&quot;lazyLoad&quot;:false,&quot;loading&quot;:&quot;auto&quot;,&quot;autoplay&quot;:true,&quot;shadow&quot;:&quot;1&quot;,&quot;autoRotate&quot;:true,&quot;zoomLevel&quot;:&quot;1&quot;,&quot;zoom&quot;:true,&quot;isPagination&quot;:false,&quot;isNavigation&quot;:false,&quot;hotspotStyle&quot;:&quot;style-1&quot;,&quot;preload&quot;:&quot;auto&quot;,&quot;rotationPerSecond&quot;:&quot;30&quot;,&quot;mouseControl&quot;:true,&quot;lockXAxisRotation&quot;:false,&quot;lockYAxisRotation&quot;:false,&quot;fullscreen&quot;:true,&quot;zoomInOutBtn&quot;:false,&quot;cameraBtn&quot;:false,&quot;variant&quot;:false,&quot;loadingPercentage&quot;:false,&quot;progressBar&quot;:true,&quot;rotate&quot;:false,&quot;rotateDelay&quot;:3000,&quot;rotateAlongX&quot;:&quot;0&quot;,&quot;rotateAlongY&quot;:&quot;75&quot;,&quot;exposure&quot;:&quot;1&quot;,&quot;stylesheet&quot;:null,&quot;additional&quot;:{&quot;ID&quot;:&quot;&quot;,&quot;Class&quot;:&quot;&quot;,&quot;CSS&quot;:&quot;&quot;},&quot;animation&quot;:false,&quot;woo&quot;:false,&quot;selectedAnimation&quot;:&quot;&quot;,&quot;placement&quot;:&quot;shortcode&quot;,&quot;styles&quot;:{&quot;width&quot;:&quot;100%&quot;,&quot;height&quot;:&quot;250px&quot;,&quot;bgColor&quot;:&quot;transparent&quot;,&quot;progressBarColor&quot;:&quot;rgba(0, 0, 0, 0.4)&quot;},&quot;model&quot;:{&quot;modelUrl&quot;:&quot;https:\\\/\\\/schock-group.com\\\/wp-content\\\/uploads\\\/2025\\\/05\\\/20380450720.glb&quot;,&quot;poster&quot;:&quot;&quot;,&quot;skyboxImage&quot;:&quot;&quot;,&quot;arEnabled&quot;:false,&quot;arMode&quot;:&quot;webxr scene-viewer quick-look&quot;,&quot;arPlacement&quot;:&quot;floor&quot;,&quot;modelISOSrc&quot;:null,&quot;initialView&quot;:[],&quot;hotspots&quot;:[]},&quot;models&quot;:[]}'><\/div>\n\n<\/div><\/div>\n\n<div class=\"et_pb_code_2 et_pb_code et_pb_module\"><\/div>\n<\/div>\n<\/div>\n\n<div class=\"et_pb_row_4 et_pb_row et_block_row\">\n<div class=\"et_pb_column_11 et_pb_column et_pb_column_4_4 et-last-child et_block_column et_pb_css_mix_blend_mode_passthrough\">\n<div class=\"et_pb_divider_0 et_pb_divider et_pb_space et_pb_divider_position_top et_pb_module\"><div class=\"et_pb_divider_internal\"><\/div><\/div>\n<\/div>\n<\/div>\n\n<div class=\"et_pb_row_5 et_pb_row et_pb_row_1-4_1-2_1-4 et_block_row et_block_row_1-4_1-2_1-4\" id=\"044\">\n<div class=\"et_pb_column_12 et_pb_column et_pb_column_1_4 et_block_column et_pb_css_mix_blend_mode_passthrough\">\n<div class=\"et_pb_text_5 et_pb_text et_pb_bg_layout_light et_pb_module et_flex_module\"><div class=\"et_pb_text_inner\"><h3>Over-extension Series 038<\/h3>\n<\/div><\/div>\n\n<div class=\"et_pb_text_6 et_pb_text et_pb_bg_layout_light et_pb_module et_flex_module\"><div class=\"et_pb_text_inner\"><p><strong>Technical Data<\/strong><\/p>\n<ul>\n<li>Load capacity: up to 35 kg\/pair<\/li>\n<li>Extension type: Over-extension<\/li>\n<li>Lengths: 400 to 700 mm<\/li>\n<li>Cross-section: 17.5 x 57.4 mm<\/li>\n<li>Material: AlMg4.5Mn<\/li>\n<\/ul>\n<\/div><\/div>\n\n<div class=\"et_pb_module et_pb_button_module_wrapper et_pb_button_2_wrapper\"><a class=\"et_pb_button_2 et_pb_button et_pb_bg_layout_light et_pb_module et_flex_module\" href=\"\/wp-content\/uploads\/2025\/07\/en-2038_al_sc.pdf\" target=\"_blank\">Data sheet PDF<\/a><\/div>\n<\/div>\n\n<div class=\"et_pb_column_13 et_pb_column et_pb_column_1_2 et_block_column et_pb_css_mix_blend_mode_passthrough\">\n<div class=\"et_pb_text_7 et_pb_text et_pb_bg_layout_light et_pb_module et_flex_module\"><div class=\"et_pb_text_inner\"><h3>35 kg, cross-section 17.5 x 57.4 mm, soft-close self-closing, hold-out<\/h3>\n<p><strong>Features: soft-close, hold-out<\/strong><\/p>\n<p>The aluminum telescopic slide impresses with its low weight, high stability, and excellent corrosion resistance. <span>The <\/span><strong>soft-close<\/strong><span> automatically closes the drawer.<\/span> Thanks to its robust construction, the slide runs precisely and reliably, ideal for continuous use in demanding applications.<br \/><strong>Typical applications:<\/strong> Lightweight construction, medical technology, caravans, industrial equipment, furniture and drawer systems, aerospace, and much more.<\/p>\n<\/div><\/div>\n\n<div class=\"et_pb_module et_pb_button_module_wrapper et_pb_button_3_wrapper\"><a class=\"et_pb_button_3 et_pb_button et_pb_bg_layout_light et_pb_module et_flex_module\" href=\"\/handler\/\">Find Your Dealer<\/a><\/div>\n<\/div>\n\n<div class=\"et_pb_column_14 et_pb_column et_pb_column_1_4 et-last-child et_block_column et_pb_css_mix_blend_mode_passthrough\">\n<div class=\"et_pb_text_8 et_pb_text et_pb_bg_layout_light et_pb_module et_flex_module\"><div class=\"et_pb_text_inner\"><p style=\"text-align: center;\"><strong>3D-ready<\/strong><\/p>\n<\/div><\/div>\n\n<div class=\"et_pb_code_3 et_pb_code et_pb_module\"><div class=\"et_pb_code_inner\">\n        <div class=\"modelViewerBlock\" data-attributes='{&quot;align&quot;:&quot;center&quot;,&quot;uniqueId&quot;:&quot;model1564&quot;,&quot;currentViewer&quot;:&quot;modelViewer&quot;,&quot;multiple&quot;:false,&quot;O3DVSettings&quot;:{&quot;isFullscreen&quot;:true,&quot;isPagination&quot;:false,&quot;isNavigation&quot;:false,&quot;camera&quot;:null,&quot;mouseControl&quot;:true},&quot;environmentImage&quot;:&quot;&quot;,&quot;lazyLoad&quot;:false,&quot;loading&quot;:&quot;auto&quot;,&quot;autoplay&quot;:true,&quot;shadow&quot;:&quot;1&quot;,&quot;autoRotate&quot;:true,&quot;zoomLevel&quot;:&quot;1&quot;,&quot;zoom&quot;:true,&quot;isPagination&quot;:false,&quot;isNavigation&quot;:false,&quot;hotspotStyle&quot;:&quot;style-1&quot;,&quot;preload&quot;:&quot;auto&quot;,&quot;rotationPerSecond&quot;:&quot;30&quot;,&quot;mouseControl&quot;:true,&quot;lockXAxisRotation&quot;:false,&quot;lockYAxisRotation&quot;:false,&quot;fullscreen&quot;:true,&quot;zoomInOutBtn&quot;:false,&quot;cameraBtn&quot;:false,&quot;variant&quot;:false,&quot;loadingPercentage&quot;:false,&quot;progressBar&quot;:true,&quot;rotate&quot;:false,&quot;rotateDelay&quot;:3000,&quot;rotateAlongX&quot;:&quot;0&quot;,&quot;rotateAlongY&quot;:&quot;75&quot;,&quot;exposure&quot;:&quot;1&quot;,&quot;stylesheet&quot;:null,&quot;additional&quot;:{&quot;ID&quot;:&quot;&quot;,&quot;Class&quot;:&quot;&quot;,&quot;CSS&quot;:&quot;&quot;},&quot;animation&quot;:false,&quot;woo&quot;:false,&quot;selectedAnimation&quot;:&quot;&quot;,&quot;placement&quot;:&quot;shortcode&quot;,&quot;styles&quot;:{&quot;width&quot;:&quot;100%&quot;,&quot;height&quot;:&quot;250px&quot;,&quot;bgColor&quot;:&quot;transparent&quot;,&quot;progressBarColor&quot;:&quot;rgba(0, 0, 0, 0.4)&quot;},&quot;model&quot;:{&quot;modelUrl&quot;:&quot;https:\\\/\\\/schock-group.com\\\/wp-content\\\/uploads\\\/2025\\\/05\\\/20380450280.glb&quot;,&quot;poster&quot;:&quot;&quot;,&quot;skyboxImage&quot;:&quot;&quot;,&quot;arEnabled&quot;:false,&quot;arMode&quot;:&quot;webxr scene-viewer quick-look&quot;,&quot;arPlacement&quot;:&quot;floor&quot;,&quot;modelISOSrc&quot;:null,&quot;initialView&quot;:[],&quot;hotspots&quot;:[]},&quot;models&quot;:[]}'><\/div>\n\n<\/div><\/div>\n\n<div class=\"et_pb_code_4 et_pb_code et_pb_module\"><\/div>\n<\/div>\n<\/div>\n<\/div>","protected":false},"excerpt":{"rendered":"","protected":false},"author":2,"featured_media":0,"parent":0,"menu_order":0,"comment_status":"closed","ping_status":"closed","template":"","meta":{"_improvement_type_select":"improve_an_existing","_thumb_yes_seoaic":false,"_frame_yes_seoaic":false,"seoaic_generate_description":"","seoaic_improve_instructions_prompt":"","seoaic_rollback_content_improvement":"","seoaic_idea_thumbnail_generator":"","thumbnail_generated":false,"thumbnail_generate_prompt":"","seoaic_article_description":"","footnotes":""},"class_list":["post-3844","page","type-page","status-publish","hentry"],"yoast_head":"<!-- This site is optimized with the Yoast SEO plugin v27.3 - https:\/\/yoast.com\/product\/yoast-seo-wordpress\/ -->\n<title>Aluminum Telescopic slides - SCHOCK\u00ae Telescopic slides<\/title>\n<meta name=\"description\" content=\"Telescopic slides up to 100 kg\/Pair. SCHOCK telescopic slides for medium to high load capacities with various functions.\" \/>\n<meta name=\"robots\" content=\"index, follow, max-snippet:-1, max-image-preview:large, max-video-preview:-1\" \/>\n<link rel=\"canonical\" href=\"https:\/\/schock-group.com\/en\/telescopic-slides-up-to-100-kg-2\/\" \/>\n<meta property=\"og:locale\" content=\"en_US\" \/>\n<meta property=\"og:type\" content=\"article\" \/>\n<meta property=\"og:title\" content=\"Aluminum Telescopic slides - SCHOCK\u00ae Telescopic slides\" \/>\n<meta property=\"og:description\" content=\"Telescopic slides up to 100 kg\/Pair. SCHOCK telescopic slides for medium to high load capacities with various functions.\" \/>\n<meta property=\"og:url\" content=\"https:\/\/schock-group.com\/en\/telescopic-slides-up-to-100-kg-2\/\" \/>\n<meta property=\"og:site_name\" content=\"SCHOCK\u00ae Telescopic slides\" \/>\n<meta property=\"article:modified_time\" content=\"2025-10-15T09:55:16+00:00\" \/>\n<meta name=\"twitter:card\" content=\"summary_large_image\" \/>\n<script type=\"application\/ld+json\" class=\"yoast-schema-graph\">{\"@context\":\"https:\\\/\\\/schema.org\",\"@graph\":[{\"@type\":\"WebPage\",\"@id\":\"https:\\\/\\\/schock-group.com\\\/en\\\/telescopic-slides-up-to-100-kg-2\\\/\",\"url\":\"https:\\\/\\\/schock-group.com\\\/en\\\/telescopic-slides-up-to-100-kg-2\\\/\",\"name\":\"Aluminum Telescopic slides - SCHOCK\u00ae Telescopic slides\",\"isPartOf\":{\"@id\":\"https:\\\/\\\/schock-group.com\\\/en\\\/#website\"},\"datePublished\":\"2025-10-15T06:25:37+00:00\",\"dateModified\":\"2025-10-15T09:55:16+00:00\",\"description\":\"Telescopic slides up to 100 kg\\\/Pair. SCHOCK telescopic slides for medium to high load capacities with various functions.\",\"breadcrumb\":{\"@id\":\"https:\\\/\\\/schock-group.com\\\/en\\\/telescopic-slides-up-to-100-kg-2\\\/#breadcrumb\"},\"inLanguage\":\"en-US\",\"potentialAction\":[{\"@type\":\"ReadAction\",\"target\":[\"https:\\\/\\\/schock-group.com\\\/en\\\/telescopic-slides-up-to-100-kg-2\\\/\"]}]},{\"@type\":\"BreadcrumbList\",\"@id\":\"https:\\\/\\\/schock-group.com\\\/en\\\/telescopic-slides-up-to-100-kg-2\\\/#breadcrumb\",\"itemListElement\":[{\"@type\":\"ListItem\",\"position\":1,\"name\":\"Home\",\"item\":\"https:\\\/\\\/schock-group.com\\\/en\\\/\"},{\"@type\":\"ListItem\",\"position\":2,\"name\":\"Aluminum Telescopic slides\"}]},{\"@type\":\"WebSite\",\"@id\":\"https:\\\/\\\/schock-group.com\\\/en\\\/#website\",\"url\":\"https:\\\/\\\/schock-group.com\\\/en\\\/\",\"name\":\"Schock Group\",\"description\":\"Unabh\u00e4ngig. Pers\u00f6nlich. L\u00f6sungsorientiert.\",\"potentialAction\":[{\"@type\":\"SearchAction\",\"target\":{\"@type\":\"EntryPoint\",\"urlTemplate\":\"https:\\\/\\\/schock-group.com\\\/en\\\/?s={search_term_string}\"},\"query-input\":{\"@type\":\"PropertyValueSpecification\",\"valueRequired\":true,\"valueName\":\"search_term_string\"}}],\"inLanguage\":\"en-US\"}]}<\/script>\n<!-- \/ Yoast SEO plugin. -->","yoast_head_json":{"title":"Aluminum Telescopic slides - SCHOCK\u00ae Telescopic slides","description":"Telescopic slides up to 100 kg\/Pair. SCHOCK telescopic slides for medium to high load capacities with various functions.","robots":{"index":"index","follow":"follow","max-snippet":"max-snippet:-1","max-image-preview":"max-image-preview:large","max-video-preview":"max-video-preview:-1"},"canonical":"https:\/\/schock-group.com\/en\/telescopic-slides-up-to-100-kg-2\/","og_locale":"en_US","og_type":"article","og_title":"Aluminum Telescopic slides - SCHOCK\u00ae Telescopic slides","og_description":"Telescopic slides up to 100 kg\/Pair. SCHOCK telescopic slides for medium to high load capacities with various functions.","og_url":"https:\/\/schock-group.com\/en\/telescopic-slides-up-to-100-kg-2\/","og_site_name":"SCHOCK\u00ae Telescopic slides","article_modified_time":"2025-10-15T09:55:16+00:00","twitter_card":"summary_large_image","schema":{"@context":"https:\/\/schema.org","@graph":[{"@type":"WebPage","@id":"https:\/\/schock-group.com\/en\/telescopic-slides-up-to-100-kg-2\/","url":"https:\/\/schock-group.com\/en\/telescopic-slides-up-to-100-kg-2\/","name":"Aluminum Telescopic slides - SCHOCK\u00ae Telescopic slides","isPartOf":{"@id":"https:\/\/schock-group.com\/en\/#website"},"datePublished":"2025-10-15T06:25:37+00:00","dateModified":"2025-10-15T09:55:16+00:00","description":"Telescopic slides up to 100 kg\/Pair. SCHOCK telescopic slides for medium to high load capacities with various functions.","breadcrumb":{"@id":"https:\/\/schock-group.com\/en\/telescopic-slides-up-to-100-kg-2\/#breadcrumb"},"inLanguage":"en-US","potentialAction":[{"@type":"ReadAction","target":["https:\/\/schock-group.com\/en\/telescopic-slides-up-to-100-kg-2\/"]}]},{"@type":"BreadcrumbList","@id":"https:\/\/schock-group.com\/en\/telescopic-slides-up-to-100-kg-2\/#breadcrumb","itemListElement":[{"@type":"ListItem","position":1,"name":"Home","item":"https:\/\/schock-group.com\/en\/"},{"@type":"ListItem","position":2,"name":"Aluminum Telescopic slides"}]},{"@type":"WebSite","@id":"https:\/\/schock-group.com\/en\/#website","url":"https:\/\/schock-group.com\/en\/","name":"Schock Group","description":"Unabh\u00e4ngig. Pers\u00f6nlich. L\u00f6sungsorientiert.","potentialAction":[{"@type":"SearchAction","target":{"@type":"EntryPoint","urlTemplate":"https:\/\/schock-group.com\/en\/?s={search_term_string}"},"query-input":{"@type":"PropertyValueSpecification","valueRequired":true,"valueName":"search_term_string"}}],"inLanguage":"en-US"}]}},"_links":{"self":[{"href":"https:\/\/schock-group.com\/en\/wp-json\/wp\/v2\/pages\/3844","targetHints":{"allow":["GET"]}}],"collection":[{"href":"https:\/\/schock-group.com\/en\/wp-json\/wp\/v2\/pages"}],"about":[{"href":"https:\/\/schock-group.com\/en\/wp-json\/wp\/v2\/types\/page"}],"author":[{"embeddable":true,"href":"https:\/\/schock-group.com\/en\/wp-json\/wp\/v2\/users\/2"}],"replies":[{"embeddable":true,"href":"https:\/\/schock-group.com\/en\/wp-json\/wp\/v2\/comments?post=3844"}],"version-history":[{"count":7,"href":"https:\/\/schock-group.com\/en\/wp-json\/wp\/v2\/pages\/3844\/revisions"}],"predecessor-version":[{"id":3874,"href":"https:\/\/schock-group.com\/en\/wp-json\/wp\/v2\/pages\/3844\/revisions\/3874"}],"wp:attachment":[{"href":"https:\/\/schock-group.com\/en\/wp-json\/wp\/v2\/media?parent=3844"}],"curies":[{"name":"wp","href":"https:\/\/api.w.org\/{rel}","templated":true}]}}