{"id":3348,"date":"2025-06-09T10:36:26","date_gmt":"2025-06-09T08:36:26","guid":{"rendered":"https:\/\/schock-group.com\/downloads\/"},"modified":"2026-03-02T12:23:34","modified_gmt":"2026-03-02T11:23:34","slug":"downloads","status":"publish","type":"page","link":"https:\/\/schock-group.com\/en\/downloads\/","title":{"rendered":"Downloads"},"content":{"rendered":"<div class=\"et_pb_section_0 et_pb_section et_section_regular et_block_section\">\n<div class=\"et_pb_row_0 et_pb_row et_block_row\">\n<div class=\"et_pb_column_0 et_pb_column et_pb_column_4_4 et-last-child et_block_column et_pb_css_mix_blend_mode_passthrough\">\n<div class=\"et_pb_text_0 et_pb_text et_pb_bg_layout_light et_pb_module et_block_module\"><div class=\"et_pb_text_inner\"><h1>Useful Downloads.<\/h1>\n<\/div><\/div>\n<\/div>\n<\/div>\n<\/div>\n\n<div class=\"et_pb_section_1 et_pb_section et_section_regular et_block_section\">\n<div class=\"et_pb_row_1 et_pb_row et_block_row\">\n<div class=\"et_pb_column_1 et_pb_column et_pb_column_1_2 et_block_column et_pb_css_mix_blend_mode_passthrough\">\n<div class=\"et_pb_text_1 et_pb_text et_pb_bg_layout_light et_pb_module et_block_module\"><div class=\"et_pb_text_inner\"><h2>General<\/h2>\n<\/div><\/div>\n\n<div class=\"et_pb_code_0 et_pb_code et_pb_module\"><div class=\"et_pb_code_inner\"><a  data-e-Disable-Page-Transition=\"true\" class=\"download-link\" title=\"\" href=\"https:\/\/schock-group.com\/en\/download\/3321\/?tmstv=1776171188\" rel=\"nofollow\" id=\"download-link-3321\" data-redirect=\"false\" >\n\tAGB's\t(1383 downloads\t)\n<\/a>\n<\/div><\/div>\n\n<div class=\"et_pb_code_1 et_pb_code et_pb_module\"><div class=\"et_pb_code_inner\"><a  data-e-Disable-Page-Transition=\"true\" class=\"download-link\" title=\"\" href=\"https:\/\/schock-group.com\/en\/download\/3343\/?tmstv=1776171188\" rel=\"nofollow\" id=\"download-link-3343\" data-redirect=\"false\" >\n\tEinkaufsbedingungen SCHOCK\u00ae Metallwerk GmbH\t(0 downloads\t)\n<\/a>\n<\/div><\/div>\n<\/div>\n\n<div class=\"et_pb_column_2 et_pb_column et_pb_column_1_2 et-last-child et_block_column et_pb_css_mix_blend_mode_passthrough\">\n<div class=\"et_pb_text_2 et_pb_text et_pb_bg_layout_light et_pb_module et_block_module\"><div class=\"et_pb_text_inner\"><h2>Catalogues and Brochures<\/h2>\n<\/div><\/div>\n\n<div class=\"et_pb_code_2 et_pb_code et_pb_module\"><div class=\"et_pb_code_inner\"><a  data-e-Disable-Page-Transition=\"true\" class=\"download-link\" title=\"\" href=\"https:\/\/schock-group.com\/en\/download\/3325\/?tmstv=1776171188\" rel=\"nofollow\" id=\"download-link-3325\" data-redirect=\"false\" >\n\tSCHOCK\u00ae Teleskopschienen Highlights 2025\t(1452 downloads\t)\n<\/a>\n<\/div><\/div>\n\n<div class=\"et_pb_code_3 et_pb_code et_pb_module\"><div class=\"et_pb_code_inner\"><a  data-e-Disable-Page-Transition=\"true\" class=\"download-link\" title=\"\" href=\"https:\/\/schock-group.com\/en\/download\/4000\/?tmstv=1776171188\" rel=\"nofollow\" id=\"download-link-4000\" data-redirect=\"false\" >\n\tSCHOCK\u00ae Telescopic slides general catalogue 2026\t(0 downloads\t)\n<\/a>\n<\/div><\/div>\n\n<div class=\"et_pb_code_4 et_pb_code et_pb_module\"><div class=\"et_pb_code_inner\"><a  data-e-Disable-Page-Transition=\"true\" class=\"download-link\" title=\"\" href=\"https:\/\/schock-group.com\/en\/download\/4004\/?tmstv=1776171188\" rel=\"nofollow\" id=\"download-link-4004\" data-redirect=\"false\" >\n\tSCHOCK\u00ae Telescopic slides heavy duty 2026\t(66 downloads\t)\n<\/a>\n<\/div><\/div>\n\n<div class=\"et_pb_code_5 et_pb_code et_pb_module\"><div class=\"et_pb_code_inner\"><a  data-e-Disable-Page-Transition=\"true\" class=\"download-link\" title=\"\" href=\"https:\/\/schock-group.com\/en\/download\/3981\/?tmstv=1776171188\" rel=\"nofollow\" id=\"download-link-3981\" data-redirect=\"false\" >\n\tSCHOCK\u00ae Telescopic slides COMPENDIUM 2026\t(65 downloads\t)\n<\/a>\n<\/div><\/div>\n<\/div>\n<\/div>\n\n<div class=\"et_pb_row_2 et_pb_row et_flex_row\">\n<div class=\"et_pb_column_3 et_pb_column et_flex_column et_pb_css_mix_blend_mode_passthrough et_flex_column_12_24 et_flex_column_12_24_tablet et_flex_column_24_24_phone\">\n<div class=\"et_pb_text_3 et_pb_text et_pb_bg_layout_light et_pb_module et_block_module\"><div class=\"et_pb_text_inner\"><h2>Certificates<\/h2>\n<\/div><\/div>\n\n<div class=\"et_pb_code_6 et_pb_code et_pb_module\"><div class=\"et_pb_code_inner\"><a  data-e-Disable-Page-Transition=\"true\" class=\"download-link\" title=\"\" href=\"https:\/\/schock-group.com\/en\/download\/3329\/?tmstv=1776171188\" rel=\"nofollow\" id=\"download-link-3329\" data-redirect=\"false\" >\n\tISO 9001:2015 (QUACERT)\t(1428 downloads\t)\n<\/a>\n<\/div><\/div>\n<\/div>\n\n<div class=\"et_pb_column_4 et_pb_column et-last-child et_flex_column et_pb_column_empty et_pb_css_mix_blend_mode_passthrough et_flex_column_12_24 et_flex_column_12_24_tablet et_flex_column_24_24_phone\"><\/div>\n<\/div>\n<\/div>","protected":false},"excerpt":{"rendered":"","protected":false},"author":2,"featured_media":0,"parent":0,"menu_order":0,"comment_status":"closed","ping_status":"closed","template":"","meta":{"_improvement_type_select":"improve_an_existing","_thumb_yes_seoaic":false,"_frame_yes_seoaic":false,"seoaic_generate_description":"","seoaic_improve_instructions_prompt":"","seoaic_rollback_content_improvement":"","seoaic_idea_thumbnail_generator":"","thumbnail_generated":false,"thumbnail_generate_prompt":"","seoaic_article_description":"","footnotes":""},"class_list":["post-3348","page","type-page","status-publish","hentry"],"yoast_head":"<!-- This site is optimized with the Yoast SEO plugin v27.3 - https:\/\/yoast.com\/product\/yoast-seo-wordpress\/ -->\n<title>Downloads - SCHOCK\u00ae Telescopic slides<\/title>\n<meta name=\"robots\" content=\"index, follow, max-snippet:-1, max-image-preview:large, max-video-preview:-1\" \/>\n<link rel=\"canonical\" href=\"https:\/\/schock-group.com\/en\/downloads\/\" \/>\n<meta property=\"og:locale\" content=\"en_US\" \/>\n<meta property=\"og:type\" content=\"article\" \/>\n<meta property=\"og:title\" content=\"Downloads - SCHOCK\u00ae Telescopic slides\" \/>\n<meta property=\"og:url\" content=\"https:\/\/schock-group.com\/en\/downloads\/\" \/>\n<meta property=\"og:site_name\" content=\"SCHOCK\u00ae Telescopic slides\" \/>\n<meta property=\"article:modified_time\" content=\"2026-03-02T11:23:34+00:00\" \/>\n<meta name=\"twitter:card\" content=\"summary_large_image\" \/>\n<script type=\"application\/ld+json\" class=\"yoast-schema-graph\">{\"@context\":\"https:\\\/\\\/schema.org\",\"@graph\":[{\"@type\":\"WebPage\",\"@id\":\"https:\\\/\\\/schock-group.com\\\/en\\\/downloads\\\/\",\"url\":\"https:\\\/\\\/schock-group.com\\\/en\\\/downloads\\\/\",\"name\":\"Downloads - SCHOCK\u00ae Telescopic slides\",\"isPartOf\":{\"@id\":\"https:\\\/\\\/schock-group.com\\\/en\\\/#website\"},\"datePublished\":\"2025-06-09T08:36:26+00:00\",\"dateModified\":\"2026-03-02T11:23:34+00:00\",\"breadcrumb\":{\"@id\":\"https:\\\/\\\/schock-group.com\\\/en\\\/downloads\\\/#breadcrumb\"},\"inLanguage\":\"en-US\",\"potentialAction\":[{\"@type\":\"ReadAction\",\"target\":[\"https:\\\/\\\/schock-group.com\\\/en\\\/downloads\\\/\"]}]},{\"@type\":\"BreadcrumbList\",\"@id\":\"https:\\\/\\\/schock-group.com\\\/en\\\/downloads\\\/#breadcrumb\",\"itemListElement\":[{\"@type\":\"ListItem\",\"position\":1,\"name\":\"Home\",\"item\":\"https:\\\/\\\/schock-group.com\\\/en\\\/\"},{\"@type\":\"ListItem\",\"position\":2,\"name\":\"Downloads\"}]},{\"@type\":\"WebSite\",\"@id\":\"https:\\\/\\\/schock-group.com\\\/en\\\/#website\",\"url\":\"https:\\\/\\\/schock-group.com\\\/en\\\/\",\"name\":\"Schock Group\",\"description\":\"Unabh\u00e4ngig. Pers\u00f6nlich. L\u00f6sungsorientiert.\",\"potentialAction\":[{\"@type\":\"SearchAction\",\"target\":{\"@type\":\"EntryPoint\",\"urlTemplate\":\"https:\\\/\\\/schock-group.com\\\/en\\\/?s={search_term_string}\"},\"query-input\":{\"@type\":\"PropertyValueSpecification\",\"valueRequired\":true,\"valueName\":\"search_term_string\"}}],\"inLanguage\":\"en-US\"}]}<\/script>\n<!-- \/ Yoast SEO plugin. -->","yoast_head_json":{"title":"Downloads - SCHOCK\u00ae Telescopic slides","robots":{"index":"index","follow":"follow","max-snippet":"max-snippet:-1","max-image-preview":"max-image-preview:large","max-video-preview":"max-video-preview:-1"},"canonical":"https:\/\/schock-group.com\/en\/downloads\/","og_locale":"en_US","og_type":"article","og_title":"Downloads - SCHOCK\u00ae Telescopic slides","og_url":"https:\/\/schock-group.com\/en\/downloads\/","og_site_name":"SCHOCK\u00ae Telescopic slides","article_modified_time":"2026-03-02T11:23:34+00:00","twitter_card":"summary_large_image","schema":{"@context":"https:\/\/schema.org","@graph":[{"@type":"WebPage","@id":"https:\/\/schock-group.com\/en\/downloads\/","url":"https:\/\/schock-group.com\/en\/downloads\/","name":"Downloads - SCHOCK\u00ae Telescopic slides","isPartOf":{"@id":"https:\/\/schock-group.com\/en\/#website"},"datePublished":"2025-06-09T08:36:26+00:00","dateModified":"2026-03-02T11:23:34+00:00","breadcrumb":{"@id":"https:\/\/schock-group.com\/en\/downloads\/#breadcrumb"},"inLanguage":"en-US","potentialAction":[{"@type":"ReadAction","target":["https:\/\/schock-group.com\/en\/downloads\/"]}]},{"@type":"BreadcrumbList","@id":"https:\/\/schock-group.com\/en\/downloads\/#breadcrumb","itemListElement":[{"@type":"ListItem","position":1,"name":"Home","item":"https:\/\/schock-group.com\/en\/"},{"@type":"ListItem","position":2,"name":"Downloads"}]},{"@type":"WebSite","@id":"https:\/\/schock-group.com\/en\/#website","url":"https:\/\/schock-group.com\/en\/","name":"Schock Group","description":"Unabh\u00e4ngig. Pers\u00f6nlich. L\u00f6sungsorientiert.","potentialAction":[{"@type":"SearchAction","target":{"@type":"EntryPoint","urlTemplate":"https:\/\/schock-group.com\/en\/?s={search_term_string}"},"query-input":{"@type":"PropertyValueSpecification","valueRequired":true,"valueName":"search_term_string"}}],"inLanguage":"en-US"}]}},"_links":{"self":[{"href":"https:\/\/schock-group.com\/en\/wp-json\/wp\/v2\/pages\/3348","targetHints":{"allow":["GET"]}}],"collection":[{"href":"https:\/\/schock-group.com\/en\/wp-json\/wp\/v2\/pages"}],"about":[{"href":"https:\/\/schock-group.com\/en\/wp-json\/wp\/v2\/types\/page"}],"author":[{"embeddable":true,"href":"https:\/\/schock-group.com\/en\/wp-json\/wp\/v2\/users\/2"}],"replies":[{"embeddable":true,"href":"https:\/\/schock-group.com\/en\/wp-json\/wp\/v2\/comments?post=3348"}],"version-history":[{"count":13,"href":"https:\/\/schock-group.com\/en\/wp-json\/wp\/v2\/pages\/3348\/revisions"}],"predecessor-version":[{"id":4007,"href":"https:\/\/schock-group.com\/en\/wp-json\/wp\/v2\/pages\/3348\/revisions\/4007"}],"wp:attachment":[{"href":"https:\/\/schock-group.com\/en\/wp-json\/wp\/v2\/media?parent=3348"}],"curies":[{"name":"wp","href":"https:\/\/api.w.org\/{rel}","templated":true}]}}