{"id":2481,"date":"2025-05-07T09:55:37","date_gmt":"2025-05-07T07:55:37","guid":{"rendered":"https:\/\/schock-group.com\/bracket-options\/"},"modified":"2025-07-25T13:35:57","modified_gmt":"2025-07-25T11:35:57","slug":"bracket-options","status":"publish","type":"page","link":"https:\/\/schock-group.com\/en\/bracket-options\/","title":{"rendered":"Bracket Options"},"content":{"rendered":"<div class=\"et_pb_section_0 et_pb_section et_section_regular et_flex_section\">\r\n<div class=\"et_pb_row_0 et_pb_row et_flex_row\">\r\n<div class=\"et_pb_column_0 et_pb_column et-last-child et_flex_column et_pb_css_mix_blend_mode_passthrough et_flex_column_24_24 et_flex_column_24_24_tablet et_flex_column_24_24_phone\">\r\n<div class=\"et_pb_code_0 et_pb_code et_pb_module\"><div class=\"et_pb_code_inner\">\t\t\t<!-- Flexy Breadcrumb -->\n\t\t\t<div class=\"fbc fbc-page\">\n\n\t\t\t\t<!-- Breadcrumb wrapper -->\n\t\t\t\t<div class=\"fbc-wrap\">\n\n\t\t\t\t\t<!-- Ordered list-->\n\t\t\t\t\t<ol class=\"fbc-items\" itemscope itemtype=\"https:\/\/schema.org\/BreadcrumbList\">\n\t\t\t\t\t\t            <li itemprop=\"itemListElement\" itemscope itemtype=\"https:\/\/schema.org\/ListItem\">\n                <span itemprop=\"name\">\n                    <!-- Home Link -->\n                    <a itemprop=\"item\" href=\"https:\/\/schock-group.com\">\n                    \n                                                    <i class=\"fa fa-home\" aria-hidden=\"true\"><\/i>Home                    <\/a>\n                <\/span>\n                <meta itemprop=\"position\" content=\"1\" \/><!-- Meta Position-->\n             <\/li><li><span class=\"fbc-separator\">\/<\/span><\/li><li class=\"active\" itemprop=\"itemListElement\" itemscope itemtype=\"https:\/\/schema.org\/ListItem\"><span itemprop=\"name\" title=\"Bracket Options\">Bracket Options<\/span><meta itemprop=\"position\" content=\"2\" \/><\/li>\t\t\t\t\t<\/ol>\n\t\t\t\t\t<div class=\"clearfix\"><\/div>\n\t\t\t\t<\/div>\n\t\t\t<\/div>\n\t\t\t<\/div><\/div>\r\n<\/div>\r\n<\/div>\r\n<\/div>\n\n<div class=\"et_pb_section_1 et_pb_section et_section_regular et_block_section\">\n<div class=\"et_pb_row_1 et_pb_row et_block_row\">\n<div class=\"et_pb_column_1 et_pb_column et_pb_column_4_4 et-last-child et_block_column et_pb_css_mix_blend_mode_passthrough\">\n<div class=\"et_pb_text_0 et_pb_text et_pb_bg_layout_light et_pb_module et_flex_module\"><div class=\"et_pb_text_inner\"><h1>Smart Mounting with the Right Angle.<\/h1>\n<\/div><\/div>\n<\/div>\n<\/div>\n<\/div>\n\n<div class=\"et_pb_section_2 et_pb_section et_section_regular et_block_section\">\n<div class=\"et_pb_row_2 et_pb_row et_block_row\">\n<div class=\"et_pb_column_2 et_pb_column et_pb_column_1_2 et_block_column et_pb_css_mix_blend_mode_passthrough\">\n<div class=\"et_pb_text_1 et_pb_text et_pb_bg_layout_light et_pb_module et_flex_module\"><div class=\"et_pb_text_inner\"><h2>Mounting Brackets for SCHOCK\u00ae Telescopic slides, precisely mounted, durably stable<\/h2>\n<p>Our <strong>mounting brackets<\/strong> are the ideal solution for simple, secure and precise <strong>fastening of telescopic slides<\/strong> in a wide range of applications. Whether in furniture construction, mechanical engineering or industrial systems, these precisely fitting brackets ensure quick, clean and reliable installation. <\/p>\n<p>Made from high-quality galvanized steel strip (ZM100, Zinc+), they ensure maximum stability with minimal space requirements. Their sophisticated geometry allows for both side and bottom mounting, depending on the requirements of the installation space. <\/p>\n<p>Whether in combination with full extension slides, dampened self-closing mechanisms, or push-to-open functions, our mounting brackets guarantee a firm hold, perfect alignment, and a long-lasting connection, without any compromises.<\/p>\n<\/div><\/div>\n<\/div>\n\n<div class=\"et_pb_column_3 et_pb_column et_pb_column_1_2 et-last-child et_block_column et_pb_css_mix_blend_mode_passthrough\">\n<div class=\"et_pb_image_0 et_pb_image et_pb_module et_flex_module\"><span class=\"et_pb_image_wrap\"><img loading=\"lazy\" decoding=\"async\" src=\"https:\/\/schock-group.com\/wp-content\/uploads\/2025\/05\/winkel-alle-1.webp\" alt=\"SCHOCK Winkel f\u00fcr Teleskopschienen\" title=\"Winkel f\u00fcr Teleskopschienen\" width=\"900\" height=\"563\" srcset=\"https:\/\/schock-group.com\/wp-content\/uploads\/2025\/05\/winkel-alle-1.webp 900w, https:\/\/schock-group.com\/wp-content\/uploads\/2025\/05\/winkel-alle-1-480x300.webp 480w\" sizes=\"(min-width: 0px) and (max-width: 480px) 480px, (min-width: 481px) 900px, 100vw\" class=\"wp-image-1651\" \/><\/span><\/div>\n<\/div>\n<\/div>\n<\/div>\n\n<div class=\"et_pb_section_3 et_pb_section et_section_regular et_block_section\">\n<div class=\"et_pb_row_3 et_pb_row et_block_row\" id=\"w35\">\n<div class=\"et_pb_column_4 et_pb_column et_pb_column_1_2 et_block_column et_pb_css_mix_blend_mode_passthrough\">\n<div class=\"et_pb_text_2 et_pb_text et_pb_bg_layout_light et_pb_module et_flex_module\"><div class=\"et_pb_text_inner\"><h3>Housing Mounting Bracket 35<\/h3>\n<p><strong>For telescopic slide series<\/strong><\/p>\n<ul>\n<li><strong> <a href=\"https:\/\/schock-group.com\/en\/telescopic-slides-up-to-50-kg\/#016\" title=\"Partial extension 016\">Partial extension 016<\/a><\/strong><\/li>\n<li><strong><a href=\"https:\/\/schock-group.com\/en\/telescopic-slides-up-to-100-kg\/#044\" title=\"Over extension 044\">Over extension 044<\/a><\/strong><\/li>\n<\/ul>\n<p>Bracket for mounting telescopic slides in a standard electronic frame\/housing (EDV cabinet, rack).<\/p>\n<p>You need 2 brackets per telescopic slide.<\/p>\n<p><strong>Mounting accessories per bracket are provided by the customer:<\/strong><\/p>\n<ul>\n<li>2 x countersunk screw M4 x 10 mm (DIN 7991)<\/li>\n<li>2 x hexagon nut M4 (DIN 934)<\/li>\n<li>2 x washer (DIN 125)<\/li>\n<\/ul>\n<\/div><\/div>\n\n<div class=\"et_pb_module et_pb_button_module_wrapper et_pb_button_0_wrapper\"><a class=\"et_pb_button_0 et_pb_button et_pb_bg_layout_light et_pb_module et_flex_module\" href=\"\/wp-content\/uploads\/2025\/07\/Schock-Braket-en.pdf\" target=\"_blank\">Download PDF<\/a><\/div>\n<\/div>\n\n<div class=\"et_pb_column_5 et_pb_column et_pb_column_1_2 et-last-child et_block_column et_pb_css_mix_blend_mode_passthrough\">\n<div class=\"et_pb_image_1 et_pb_image et_pb_module et_flex_module\"><span class=\"et_pb_image_wrap\"><img loading=\"lazy\" decoding=\"async\" src=\"https:\/\/schock-group.com\/wp-content\/uploads\/2025\/05\/winkel-016-044-web.jpg\" title=\"winkel-016-044-web\" width=\"900\" height=\"563\" srcset=\"https:\/\/schock-group.com\/wp-content\/uploads\/2025\/05\/winkel-016-044-web.jpg 900w, https:\/\/schock-group.com\/wp-content\/uploads\/2025\/05\/winkel-016-044-web-480x300.jpg 480w\" sizes=\"(min-width: 0px) and (max-width: 480px) 480px, (min-width: 481px) 900px, 100vw\" class=\"wp-image-1657\" \/><\/span><\/div>\n<\/div>\n<\/div>\n\n<div class=\"et_pb_row_4 et_pb_row et_block_row\">\n<div class=\"et_pb_column_6 et_pb_column et_pb_column_4_4 et-last-child et_block_column et_pb_css_mix_blend_mode_passthrough\">\n<div class=\"et_pb_divider_0 et_pb_divider et_pb_space et_pb_divider_position_top et_pb_module\"><div class=\"et_pb_divider_internal\"><\/div><\/div>\n<\/div>\n<\/div>\n\n<div class=\"et_pb_row_5 et_pb_row et_block_row\" id=\"w57\">\n<div class=\"et_pb_column_7 et_pb_column et_pb_column_1_2 et_block_column et_pb_css_mix_blend_mode_passthrough\">\n<div class=\"et_pb_text_3 et_pb_text et_pb_bg_layout_light et_pb_module et_flex_module\"><div class=\"et_pb_text_inner\"><h3>Housing Mounting Bracket 57<\/h3>\n<p><strong>For telescopic slide series<\/strong><\/p>\n<ul>\n<li><strong> <a href=\"https:\/\/schock-group.com\/en\/telescopic-slides-up-to-230-kg\/#039\" title=\"Partial extension 016\">Partial extension 039<\/a><\/strong><\/li>\n<\/ul>\n<p>Bracket for mounting telescopic slides in a standard electronic frame\/housing (EDV cabinet, rack).<\/p>\n<p>You need 2 brackets per telescopic slide.<\/p>\n<p><strong>Mounting accessories per bracket are provided by the customer:<\/strong><\/p>\n<ul>\n<li>2 x countersunk screw M5 x 10 mm (DIN 7991)<\/li>\n<li>2 x hexagon nut M5 (DIN 934)<\/li>\n<li>2 x washer (DIN 125)<\/li>\n<\/ul>\n<\/div><\/div>\n\n<div class=\"et_pb_module et_pb_button_module_wrapper et_pb_button_1_wrapper\"><a class=\"et_pb_button_1 et_pb_button et_pb_bg_layout_light et_pb_module et_flex_module\" href=\"\/wp-content\/uploads\/2025\/07\/Schock-Braket-en.pdf\" target=\"_blank\">Download PDF<\/a><\/div>\n<\/div>\n\n<div class=\"et_pb_column_8 et_pb_column et_pb_column_1_2 et-last-child et_block_column et_pb_css_mix_blend_mode_passthrough\">\n<div class=\"et_pb_image_2 et_pb_image et_pb_module et_flex_module\"><span class=\"et_pb_image_wrap\"><img loading=\"lazy\" decoding=\"async\" src=\"https:\/\/schock-group.com\/wp-content\/uploads\/2025\/05\/winkel-039-web.jpg\" title=\"winkel-039-web\" width=\"900\" height=\"563\" srcset=\"https:\/\/schock-group.com\/wp-content\/uploads\/2025\/05\/winkel-039-web.jpg 900w, https:\/\/schock-group.com\/wp-content\/uploads\/2025\/05\/winkel-039-web-480x300.jpg 480w\" sizes=\"(min-width: 0px) and (max-width: 480px) 480px, (min-width: 481px) 900px, 100vw\" class=\"wp-image-1666\" \/><\/span><\/div>\n<\/div>\n<\/div>\n\n<div class=\"et_pb_row_6 et_pb_row et_block_row\">\n<div class=\"et_pb_column_9 et_pb_column et_pb_column_4_4 et-last-child et_block_column et_pb_css_mix_blend_mode_passthrough\">\n<div class=\"et_pb_divider_1 et_pb_divider et_pb_space et_pb_divider_position_top et_pb_module\"><div class=\"et_pb_divider_internal\"><\/div><\/div>\n<\/div>\n<\/div>\n\n<div class=\"et_pb_row_7 et_pb_row et_block_row\" id=\"w32\">\n<div class=\"et_pb_column_10 et_pb_column et_pb_column_1_2 et_block_column et_pb_css_mix_blend_mode_passthrough\">\n<div class=\"et_pb_text_4 et_pb_text et_pb_bg_layout_light et_pb_module et_flex_module\"><div class=\"et_pb_text_inner\"><h3>Universal Bracket 32<\/h3>\n<p><strong>For telescopic slide series<\/strong><\/p>\n<ul>\n<li><strong> <a href=\"https:\/\/schock-group.com\/en\/telescopic-slides-up-to-50-kg\/#010\" title=\"Partial extension 010\">Partial extension 010<\/a><\/strong><\/li>\n<li><strong><a href=\"https:\/\/schock-group.com\/en\/telescopic-slides-up-to-100-kg\/#036sc\" title=\"Over-extension 036 damped self-closing\">Over-extension 036 damped self-closing<\/a><\/strong><\/li>\n<li><strong><a href=\"https:\/\/schock-group.com\/en\/telescopic-slides-up-to-100-kg\/#037\" title=\"Over-extension 037\">Over-extension 037<\/a><\/strong><\/li>\n<li><strong><a href=\"https:\/\/schock-group.com\/en\/telescopic-slides-up-to-100-kg\/#038\" title=\"Over-extension 038\">Over-extension 038<\/a><\/strong><\/li>\n<li><strong><a href=\"https:\/\/schock-group.com\/en\/telescopic-slides-up-to-230-kg\/#039sc\" title=\"Full extension 039 self-closing\">Full extension 039 self-closing<\/a><\/strong><\/li>\n<\/ul>\n<p>For floor or platform mounting. At least 2 brackets are required per telescopic rail (depending on slide length). <\/p>\n<p>You need 2 brackets per telescopic slide.<\/p>\n<p><strong>Mounting accessories per bracket are provided by the customer:<\/strong><\/p>\n<ul>\n<li>2 x countersunk screw M5 x 12 mm (DIN 7991)<\/li>\n<li>2 x hexagon nut M5 (DIN 934)<\/li>\n<li>2 x washer (DIN 125)<\/li>\n<\/ul>\n<\/div><\/div>\n\n<div class=\"et_pb_module et_pb_button_module_wrapper et_pb_button_2_wrapper\"><a class=\"et_pb_button_2 et_pb_button et_pb_bg_layout_light et_pb_module et_flex_module\" href=\"\/wp-content\/uploads\/2025\/07\/Schock-Braket-en.pdf\" target=\"_blank\">Download PDF<\/a><\/div>\n<\/div>\n\n<div class=\"et_pb_column_11 et_pb_column et_pb_column_1_2 et-last-child et_block_column et_pb_css_mix_blend_mode_passthrough\">\n<div class=\"et_pb_image_3 et_pb_image et_pb_module et_flex_module\"><span class=\"et_pb_image_wrap\"><img loading=\"lazy\" decoding=\"async\" src=\"https:\/\/schock-group.com\/wp-content\/uploads\/2025\/05\/winkel-010-web.jpg\" title=\"winkel-010-web\" width=\"900\" height=\"563\" srcset=\"https:\/\/schock-group.com\/wp-content\/uploads\/2025\/05\/winkel-010-web.jpg 900w, https:\/\/schock-group.com\/wp-content\/uploads\/2025\/05\/winkel-010-web-480x300.jpg 480w\" sizes=\"(min-width: 0px) and (max-width: 480px) 480px, (min-width: 481px) 900px, 100vw\" class=\"wp-image-1668\" \/><\/span><\/div>\n<\/div>\n<\/div>\n\n<div class=\"et_pb_row_8 et_pb_row et_block_row\">\n<div class=\"et_pb_column_12 et_pb_column et_pb_column_4_4 et-last-child et_block_column et_pb_css_mix_blend_mode_passthrough\">\n<div class=\"et_pb_divider_2 et_pb_divider et_pb_space et_pb_divider_position_top et_pb_module\"><div class=\"et_pb_divider_internal\"><\/div><\/div>\n<\/div>\n<\/div>\n\n<div class=\"et_pb_row_9 et_pb_row et_block_row\" id=\"aufsteckwinkel\">\n<div class=\"et_pb_column_13 et_pb_column et_pb_column_1_2 et_block_column et_pb_css_mix_blend_mode_passthrough\">\n<div class=\"et_pb_text_5 et_pb_text et_pb_bg_layout_light et_pb_module et_flex_module\"><div class=\"et_pb_text_inner\"><h3>Clip-on Bracket<\/h3>\n<p><strong>For telescopic slide series<\/strong><\/p>\n<ul>\n<li><strong> <a href=\"https:\/\/schock-group.com\/en\/telescopic-slides-up-to-50-kg\/#012\" title=\"Full extension 012\">Full extension 012<\/a><\/strong><\/li>\n<li><strong><a href=\"https:\/\/schock-group.com\/en\/telescopic-slides-up-to-50-kg\/#072\" title=\"Full extension 072 without self-closing and push-to-open\">Full extension 072 without self-closing and push-to-open<\/a><\/strong><\/li>\n<\/ul>\n<p>You need 1 bracket per telescopic slide.<\/p>\n<p><strong>Mounting accessories per bracket are provided by the customer:<\/strong><\/p>\n<ul>\n<li>2 x countersunk screw M5 x 12 mm (DIN 7991)<\/li>\n<li>2 x hexagon nut M5 (DIN 934)<\/li>\n<li>2 x washer (DIN 125)<\/li>\n<\/ul>\n<\/div><\/div>\n\n<div class=\"et_pb_module et_pb_button_module_wrapper et_pb_button_3_wrapper\"><a class=\"et_pb_button_3 et_pb_button et_pb_bg_layout_light et_pb_module et_flex_module\" href=\"\/wp-content\/uploads\/2025\/07\/Schock-Braket-en.pdf\" target=\"_blank\">Download PDF<\/a><\/div>\n<\/div>\n\n<div class=\"et_pb_column_14 et_pb_column et_pb_column_1_2 et-last-child et_block_column et_pb_css_mix_blend_mode_passthrough\">\n<div class=\"et_pb_image_4 et_pb_image et_pb_module et_flex_module\"><span class=\"et_pb_image_wrap\"><img loading=\"lazy\" decoding=\"async\" src=\"https:\/\/schock-group.com\/wp-content\/uploads\/2025\/06\/winkel-072-web.jpg\" alt=\"Aufsteckwinkel f\u00fcr Teleskopschienen\" title=\"Aufsteckwinkel f\u00fcr Teleskopschienen\" width=\"900\" height=\"563\" srcset=\"https:\/\/schock-group.com\/wp-content\/uploads\/2025\/06\/winkel-072-web.jpg 900w, https:\/\/schock-group.com\/wp-content\/uploads\/2025\/06\/winkel-072-web-480x300.jpg 480w\" sizes=\"(min-width: 0px) and (max-width: 480px) 480px, (min-width: 481px) 900px, 100vw\" class=\"wp-image-1707\" \/><\/span><\/div>\n<\/div>\n<\/div>\n\n<div class=\"et_pb_row_10 et_pb_row et_block_row\">\n<div class=\"et_pb_column_15 et_pb_column et_pb_column_4_4 et-last-child et_block_column et_pb_css_mix_blend_mode_passthrough\">\n<div class=\"et_pb_divider_3 et_pb_divider et_pb_space et_pb_divider_position_top et_pb_module\"><div class=\"et_pb_divider_internal\"><\/div><\/div>\n\n<div class=\"et_pb_row_11 et_pb_row et_pb_row_nested et_block_row\" id=\"plattformwinkel\">\n<div class=\"et_pb_column_16 et_pb_column et_pb_column_1_2 et_block_column et_pb_css_mix_blend_mode_passthrough\">\n<div class=\"et_pb_text_6 et_pb_text et_pb_bg_layout_light et_pb_module et_flex_module\"><div class=\"et_pb_text_inner\"><h3>Platform Bracket for Screwing<\/h3>\n<p><strong>For telescopic slide series<\/strong><\/p>\n<ul>\n<li><strong> <a href=\"https:\/\/schock-group.com\/en\/telescopic-slides-up-to-230-kg\/#070\" title=\"Full extension 070\">Full extension 070<\/a><\/strong><\/li>\n<\/ul>\n<p>Required brackets see datasheet PDF<\/p>\n<p><strong>Mounting accessories per bracket are provided by the customer:<\/strong><\/p>\n<ul>\n<li>2 x countersunk screw M5 x 12 mm (DIN 7991)<\/li>\n<li>2 x hexagon nut M5 (DIN 934)<\/li>\n<li>2 x washer (DIN 125)<\/li>\n<\/ul>\n<\/div><\/div>\n\n<div class=\"et_pb_module et_pb_button_module_wrapper et_pb_button_4_wrapper\"><a class=\"et_pb_button_4 et_pb_button et_pb_bg_layout_light et_pb_module et_flex_module\" href=\"\/wp-content\/uploads\/2025\/07\/Schock-Braket-en.pdf\" target=\"_blank\">Download PDF<\/a><\/div>\n<\/div>\n\n<div class=\"et_pb_column_17 et_pb_column et_pb_column_1_2 et-last-child et_block_column et_pb_css_mix_blend_mode_passthrough\">\n<div class=\"et_pb_code_1 et_pb_code et_pb_module slide-radius\"><div class=\"et_pb_code_inner\"><\/div><\/div>\n<\/div>\n<\/div>\n<\/div>\n<\/div>\n<\/div>","protected":false},"excerpt":{"rendered":"","protected":false},"author":2,"featured_media":0,"parent":0,"menu_order":0,"comment_status":"closed","ping_status":"closed","template":"","meta":{"_improvement_type_select":"improve_an_existing","_thumb_yes_seoaic":false,"_frame_yes_seoaic":false,"seoaic_generate_description":"","seoaic_improve_instructions_prompt":"","seoaic_rollback_content_improvement":"","seoaic_idea_thumbnail_generator":"","thumbnail_generated":false,"thumbnail_generate_prompt":"","seoaic_article_description":"","footnotes":""},"class_list":["post-2481","page","type-page","status-publish","hentry"],"yoast_head":"<!-- This site is optimized with the Yoast SEO plugin v27.3 - https:\/\/yoast.com\/product\/yoast-seo-wordpress\/ -->\n<title>Bracket Options - SCHOCK\u00ae Telescopic slides<\/title>\n<meta name=\"description\" content=\"Mounting brackets for SCHOCK\u00ae telescopic slides, precisely fastened, permanently stable. Various mounting options for our telescopic slides.\" \/>\n<meta name=\"robots\" content=\"index, follow, max-snippet:-1, max-image-preview:large, max-video-preview:-1\" \/>\n<link rel=\"canonical\" href=\"https:\/\/schock-group.com\/en\/bracket-options\/\" \/>\n<meta property=\"og:locale\" content=\"en_US\" \/>\n<meta property=\"og:type\" content=\"article\" \/>\n<meta property=\"og:title\" content=\"Bracket Options - SCHOCK\u00ae Telescopic slides\" \/>\n<meta property=\"og:description\" content=\"Mounting brackets for SCHOCK\u00ae telescopic slides, precisely fastened, permanently stable. Various mounting options for our telescopic slides.\" \/>\n<meta property=\"og:url\" content=\"https:\/\/schock-group.com\/en\/bracket-options\/\" \/>\n<meta property=\"og:site_name\" content=\"SCHOCK\u00ae Telescopic slides\" \/>\n<meta property=\"article:modified_time\" content=\"2025-07-25T11:35:57+00:00\" \/>\n<meta name=\"twitter:card\" content=\"summary_large_image\" \/>\n<script type=\"application\/ld+json\" class=\"yoast-schema-graph\">{\"@context\":\"https:\\\/\\\/schema.org\",\"@graph\":[{\"@type\":\"WebPage\",\"@id\":\"https:\\\/\\\/schock-group.com\\\/en\\\/bracket-options\\\/\",\"url\":\"https:\\\/\\\/schock-group.com\\\/en\\\/bracket-options\\\/\",\"name\":\"Bracket Options - SCHOCK\u00ae Telescopic slides\",\"isPartOf\":{\"@id\":\"https:\\\/\\\/schock-group.com\\\/en\\\/#website\"},\"datePublished\":\"2025-05-07T07:55:37+00:00\",\"dateModified\":\"2025-07-25T11:35:57+00:00\",\"description\":\"Mounting brackets for SCHOCK\u00ae telescopic slides, precisely fastened, permanently stable. Various mounting options for our telescopic slides.\",\"breadcrumb\":{\"@id\":\"https:\\\/\\\/schock-group.com\\\/en\\\/bracket-options\\\/#breadcrumb\"},\"inLanguage\":\"en-US\",\"potentialAction\":[{\"@type\":\"ReadAction\",\"target\":[\"https:\\\/\\\/schock-group.com\\\/en\\\/bracket-options\\\/\"]}]},{\"@type\":\"BreadcrumbList\",\"@id\":\"https:\\\/\\\/schock-group.com\\\/en\\\/bracket-options\\\/#breadcrumb\",\"itemListElement\":[{\"@type\":\"ListItem\",\"position\":1,\"name\":\"Home\",\"item\":\"https:\\\/\\\/schock-group.com\\\/en\\\/\"},{\"@type\":\"ListItem\",\"position\":2,\"name\":\"Bracket Options\"}]},{\"@type\":\"WebSite\",\"@id\":\"https:\\\/\\\/schock-group.com\\\/en\\\/#website\",\"url\":\"https:\\\/\\\/schock-group.com\\\/en\\\/\",\"name\":\"Schock Group\",\"description\":\"Unabh\u00e4ngig. Pers\u00f6nlich. L\u00f6sungsorientiert.\",\"potentialAction\":[{\"@type\":\"SearchAction\",\"target\":{\"@type\":\"EntryPoint\",\"urlTemplate\":\"https:\\\/\\\/schock-group.com\\\/en\\\/?s={search_term_string}\"},\"query-input\":{\"@type\":\"PropertyValueSpecification\",\"valueRequired\":true,\"valueName\":\"search_term_string\"}}],\"inLanguage\":\"en-US\"}]}<\/script>\n<!-- \/ Yoast SEO plugin. -->","yoast_head_json":{"title":"Bracket Options - SCHOCK\u00ae Telescopic slides","description":"Mounting brackets for SCHOCK\u00ae telescopic slides, precisely fastened, permanently stable. Various mounting options for our telescopic slides.","robots":{"index":"index","follow":"follow","max-snippet":"max-snippet:-1","max-image-preview":"max-image-preview:large","max-video-preview":"max-video-preview:-1"},"canonical":"https:\/\/schock-group.com\/en\/bracket-options\/","og_locale":"en_US","og_type":"article","og_title":"Bracket Options - SCHOCK\u00ae Telescopic slides","og_description":"Mounting brackets for SCHOCK\u00ae telescopic slides, precisely fastened, permanently stable. Various mounting options for our telescopic slides.","og_url":"https:\/\/schock-group.com\/en\/bracket-options\/","og_site_name":"SCHOCK\u00ae Telescopic slides","article_modified_time":"2025-07-25T11:35:57+00:00","twitter_card":"summary_large_image","schema":{"@context":"https:\/\/schema.org","@graph":[{"@type":"WebPage","@id":"https:\/\/schock-group.com\/en\/bracket-options\/","url":"https:\/\/schock-group.com\/en\/bracket-options\/","name":"Bracket Options - SCHOCK\u00ae Telescopic slides","isPartOf":{"@id":"https:\/\/schock-group.com\/en\/#website"},"datePublished":"2025-05-07T07:55:37+00:00","dateModified":"2025-07-25T11:35:57+00:00","description":"Mounting brackets for SCHOCK\u00ae telescopic slides, precisely fastened, permanently stable. Various mounting options for our telescopic slides.","breadcrumb":{"@id":"https:\/\/schock-group.com\/en\/bracket-options\/#breadcrumb"},"inLanguage":"en-US","potentialAction":[{"@type":"ReadAction","target":["https:\/\/schock-group.com\/en\/bracket-options\/"]}]},{"@type":"BreadcrumbList","@id":"https:\/\/schock-group.com\/en\/bracket-options\/#breadcrumb","itemListElement":[{"@type":"ListItem","position":1,"name":"Home","item":"https:\/\/schock-group.com\/en\/"},{"@type":"ListItem","position":2,"name":"Bracket Options"}]},{"@type":"WebSite","@id":"https:\/\/schock-group.com\/en\/#website","url":"https:\/\/schock-group.com\/en\/","name":"Schock Group","description":"Unabh\u00e4ngig. Pers\u00f6nlich. L\u00f6sungsorientiert.","potentialAction":[{"@type":"SearchAction","target":{"@type":"EntryPoint","urlTemplate":"https:\/\/schock-group.com\/en\/?s={search_term_string}"},"query-input":{"@type":"PropertyValueSpecification","valueRequired":true,"valueName":"search_term_string"}}],"inLanguage":"en-US"}]}},"_links":{"self":[{"href":"https:\/\/schock-group.com\/en\/wp-json\/wp\/v2\/pages\/2481","targetHints":{"allow":["GET"]}}],"collection":[{"href":"https:\/\/schock-group.com\/en\/wp-json\/wp\/v2\/pages"}],"about":[{"href":"https:\/\/schock-group.com\/en\/wp-json\/wp\/v2\/types\/page"}],"author":[{"embeddable":true,"href":"https:\/\/schock-group.com\/en\/wp-json\/wp\/v2\/users\/2"}],"replies":[{"embeddable":true,"href":"https:\/\/schock-group.com\/en\/wp-json\/wp\/v2\/comments?post=2481"}],"version-history":[{"count":2,"href":"https:\/\/schock-group.com\/en\/wp-json\/wp\/v2\/pages\/2481\/revisions"}],"predecessor-version":[{"id":3649,"href":"https:\/\/schock-group.com\/en\/wp-json\/wp\/v2\/pages\/2481\/revisions\/3649"}],"wp:attachment":[{"href":"https:\/\/schock-group.com\/en\/wp-json\/wp\/v2\/media?parent=2481"}],"curies":[{"name":"wp","href":"https:\/\/api.w.org\/{rel}","templated":true}]}}