{"id":2418,"date":"2025-05-07T09:54:25","date_gmt":"2025-05-07T07:54:25","guid":{"rendered":"https:\/\/schock-group.com\/features\/"},"modified":"2025-08-29T09:30:34","modified_gmt":"2025-08-29T07:30:34","slug":"features","status":"publish","type":"page","link":"https:\/\/schock-group.com\/en\/features\/","title":{"rendered":"Features"},"content":{"rendered":"<div class=\"et_pb_section_0 et_pb_section et_section_regular et_flex_section\">\r\n<div class=\"et_pb_row_0 et_pb_row et_flex_row\">\r\n<div class=\"et_pb_column_0 et_pb_column et-last-child et_flex_column et_pb_css_mix_blend_mode_passthrough et_flex_column_24_24 et_flex_column_24_24_tablet et_flex_column_24_24_phone\">\r\n<div class=\"et_pb_code_0 et_pb_code et_pb_module\"><div class=\"et_pb_code_inner\">\t\t\t<!-- Flexy Breadcrumb -->\n\t\t\t<div class=\"fbc fbc-page\">\n\n\t\t\t\t<!-- Breadcrumb wrapper -->\n\t\t\t\t<div class=\"fbc-wrap\">\n\n\t\t\t\t\t<!-- Ordered list-->\n\t\t\t\t\t<ol class=\"fbc-items\" itemscope itemtype=\"https:\/\/schema.org\/BreadcrumbList\">\n\t\t\t\t\t\t            <li itemprop=\"itemListElement\" itemscope itemtype=\"https:\/\/schema.org\/ListItem\">\n                <span itemprop=\"name\">\n                    <!-- Home Link -->\n                    <a itemprop=\"item\" href=\"https:\/\/schock-group.com\">\n                    \n                                                    <i class=\"fa fa-home\" aria-hidden=\"true\"><\/i>Home                    <\/a>\n                <\/span>\n                <meta itemprop=\"position\" content=\"1\" \/><!-- Meta Position-->\n             <\/li><li><span class=\"fbc-separator\">\/<\/span><\/li><li class=\"active\" itemprop=\"itemListElement\" itemscope itemtype=\"https:\/\/schema.org\/ListItem\"><span itemprop=\"name\" title=\"Features\">Features<\/span><meta itemprop=\"position\" content=\"2\" \/><\/li>\t\t\t\t\t<\/ol>\n\t\t\t\t\t<div class=\"clearfix\"><\/div>\n\t\t\t\t<\/div>\n\t\t\t<\/div>\n\t\t\t<\/div><\/div>\r\n<\/div>\r\n<\/div>\r\n<\/div>\n\n<div class=\"et_pb_section_1 et_pb_section et_section_regular et_block_section\">\n<div class=\"et_pb_row_1 et_pb_row et_block_row\">\n<div class=\"et_pb_column_1 et_pb_column et_pb_column_4_4 et-last-child et_block_column et_pb_css_mix_blend_mode_passthrough\">\n<div class=\"et_pb_text_0 et_pb_text et_pb_bg_layout_light et_pb_module et_flex_module\"><div class=\"et_pb_text_inner\" data-et-mv-hidden-phone=\"true\"><h1>SCHOCK\u00ae telescopic slides.<br \/>For efficiency, safety, and comfort.<\/h1>\n<p><strong>Telescopic rails are more than just guide elements,<\/strong> they control movement and connect movable with fixed components \u2013 precisely, reliably, and safely. <br \/>With smart additional features, they increase convenience and extend the lifespan.<\/p>\n<\/div><\/div>\n<\/div>\n<\/div>\n<\/div>\n\n<div class=\"et_pb_section_2 et_pb_section et_section_regular et_block_section\">\n<div class=\"et_pb_row_2 et_pb_row et_block_row\">\n<div class=\"et_pb_column_2 et_pb_column et_pb_column_1_2 et_block_column et_pb_css_mix_blend_mode_passthrough\">\n<div class=\"et_pb_text_1 et_pb_text et_pb_bg_layout_light et_pb_module et_flex_module\"><div class=\"et_pb_text_inner\"><h2>Telescopic slides with Additional Functions \u2013 for Maximum Flexibility and Safety <\/h2>\n<p><strong>SCHOCK\u00ae telescopic slides<\/strong> offer more than just linear motion. They are <strong>available directly from stock in numerous variants, are low-maintenance, durable, and flexibly adaptable<\/strong> for every installation situation. Thanks to smart additional functions such as <strong>damping<\/strong>, <strong>locking<\/strong>, or synchronization, they ensure <strong>greater comfort<\/strong>, increased safety, and precise, <strong>reliable movement<\/strong> in every application.  <\/p>\n<\/div><\/div>\n<\/div>\n\n<div class=\"et_pb_column_3 et_pb_column et_pb_column_1_2 et-last-child et_block_column et_pb_css_mix_blend_mode_passthrough\">\n<div class=\"et_pb_image_0 et_pb_image et_pb_module et_flex_module\"><a href=\"https:\/\/schock-group.com\/wp-content\/uploads\/2025\/07\/funktion01-1200.jpg\" title=\"Teleskopschiene mit Selbsteinzug\" class=\"et_pb_lightbox_image\"><span class=\"et_pb_image_wrap\"><img loading=\"lazy\" decoding=\"async\" src=\"https:\/\/schock-group.com\/wp-content\/uploads\/2025\/07\/funktion01-1200.jpg\" alt=\"Teleskopschiene mit Selbsteinzug\" title=\"Teleskopschiene mit Selbsteinzug\" width=\"1200\" height=\"815\" srcset=\"https:\/\/schock-group.com\/wp-content\/uploads\/2025\/07\/funktion01-1200.jpg 1200w, https:\/\/schock-group.com\/wp-content\/uploads\/2025\/07\/funktion01-1200-980x666.jpg 980w, https:\/\/schock-group.com\/wp-content\/uploads\/2025\/07\/funktion01-1200-480x326.jpg 480w\" sizes=\"(min-width: 0px) and (max-width: 480px) 480px, (min-width: 481px) and (max-width: 980px) 980px, (min-width: 981px) 1200px, 100vw\" class=\"wp-image-2472\" \/><\/span><\/a><\/div>\n<\/div>\n<\/div>\n<\/div>\n\n<div class=\"et_pb_section_3 et_pb_section et_section_regular et_block_section\">\n<div class=\"et_pb_row_3 et_pb_row et_block_row\">\n<div class=\"et_pb_column_4 et_pb_column et_pb_column_4_4 et-last-child et_block_column et_pb_css_mix_blend_mode_passthrough\">\n<div class=\"et_pb_text_2 et_pb_text et_pb_bg_layout_light et_pb_module et_flex_module\"><div class=\"et_pb_text_inner\"><h3>SCHOCK\u00ae Telescopic slides and their Functions at a glance<\/h3>\n<p>&nbsp;<\/p>\n<\/div><\/div>\n<\/div>\n<\/div>\n\n<div class=\"et_pb_row_4 et_pb_row et_pb_row_4col et_block_row et_block_row_4col\">\n<div class=\"et_pb_column_5 et_pb_column et_pb_column_1_4 et_block_column et_pb_css_mix_blend_mode_passthrough\">\n<div class=\"et_pb_group_0 et_pb_group et-last-child et_pb_module et_pb_css_mix_blend_mode_passthrough\">\n<div class=\"et_pb_image_1 et_pb_image et_pb_module et_flex_module\"><span class=\"et_pb_image_wrap\"><img loading=\"lazy\" decoding=\"async\" src=\"https:\/\/schockgroup.crmschock.com\/wp-content\/uploads\/2025\/07\/01-weicher-endanschlag.png\" alt=\"Weicher Endanschlag f\u00fcr Teleskopschienen\" title=\"Weicher Endanschlag f\u00fcr Teleskopschienen\" width=\"250\" height=\"252\" sizes=\"(max-width: 250px) 100vw, 250px\" class=\"wp-image-1104\" \/><\/span><\/div>\n\n<div class=\"et_pb_text_3 et_pb_text et_pb_bg_layout_light et_pb_module et_flex_module\"><div class=\"et_pb_text_inner\"><h4 style=\"text-align: center;\">Soft-stop<\/h4>\n<p style=\"text-align: center;\">Gently stops the slide in both end positions.<\/p>\n<\/div><\/div>\n<\/div>\n<\/div>\n\n<div class=\"et_pb_column_6 et_pb_column et_pb_column_1_4 et_block_column et_pb_css_mix_blend_mode_passthrough\">\n<div class=\"et_pb_group_1 et_pb_group et-last-child et_pb_module et_pb_css_mix_blend_mode_passthrough\">\n<div class=\"et_pb_image_2 et_pb_image et_pb_module et_flex_module\"><span class=\"et_pb_image_wrap\"><img loading=\"lazy\" decoding=\"async\" src=\"https:\/\/schockgroup.crmschock.com\/wp-content\/uploads\/2025\/07\/02-Zuhaltung.png\" alt=\"Zuhaltung f\u00fcr Teleskopschienen\" title=\"Zuhaltung f\u00fcr Teleskopschienen\" width=\"250\" height=\"250\" sizes=\"(max-width: 250px) 100vw, 250px\" class=\"wp-image-1108\" \/><\/span><\/div>\n\n<div class=\"et_pb_text_4 et_pb_text et_pb_bg_layout_light et_pb_module et_flex_module\"><div class=\"et_pb_text_inner\"><h4 style=\"text-align: center;\">Hold-in<\/h4>\n<p style=\"text-align: center;\">Secures the slide in the closed position with a defined force.<\/p>\n<\/div><\/div>\n<\/div>\n<\/div>\n\n<div class=\"et_pb_column_7 et_pb_column et_pb_column_1_4 et_block_column et_pb_css_mix_blend_mode_passthrough\">\n<div class=\"et_pb_group_2 et_pb_group et-last-child et_pb_module et_pb_css_mix_blend_mode_passthrough\">\n<div class=\"et_pb_image_3 et_pb_image et_pb_module et_flex_module\"><span class=\"et_pb_image_wrap\"><img loading=\"lazy\" decoding=\"async\" src=\"https:\/\/schockgroup.crmschock.com\/wp-content\/uploads\/2025\/07\/03-Druckoeffnung.png\" alt=\"Druck\u00f6ffnung f\u00fcr Teleskopschienen\" title=\"Druck\u00f6ffnung f\u00fcr Teleskopschienen\" width=\"250\" height=\"250\" sizes=\"(max-width: 250px) 100vw, 250px\" class=\"wp-image-1112\" \/><\/span><\/div>\n\n<div class=\"et_pb_text_5 et_pb_text et_pb_bg_layout_light et_pb_module et_flex_module\"><div class=\"et_pb_text_inner\"><h4 style=\"text-align: center;\">Push-to-open<\/h4>\n<p style=\"text-align: center;\">Automatically opens the slide with a light touch.<\/p>\n<\/div><\/div>\n<\/div>\n<\/div>\n\n<div class=\"et_pb_column_8 et_pb_column et_pb_column_1_4 et-last-child et_block_column et_pb_css_mix_blend_mode_passthrough\">\n<div class=\"et_pb_group_3 et_pb_group et-last-child et_pb_module et_pb_css_mix_blend_mode_passthrough\">\n<div class=\"et_pb_image_4 et_pb_image et_pb_module et_flex_module\"><span class=\"et_pb_image_wrap\"><img loading=\"lazy\" decoding=\"async\" src=\"https:\/\/schockgroup.crmschock.com\/wp-content\/uploads\/2025\/07\/04-verr-geschlossen.png\" alt=\"Verriegelung geschlossen f\u00fcr Teleskopschienen\" title=\"Verriegelung geschlossen f\u00fcr Teleskopschienen\" width=\"250\" height=\"250\" sizes=\"(max-width: 250px) 100vw, 250px\" class=\"wp-image-1119\" \/><\/span><\/div>\n\n<div class=\"et_pb_text_6 et_pb_text et_pb_bg_layout_light et_pb_module et_flex_module\"><div class=\"et_pb_text_inner\"><h4 style=\"text-align: center;\">Lock-in<\/h4>\n<p style=\"text-align: center;\">Locks the slide in the closed position. The lock can be released by operating a lever. <\/p>\n<\/div><\/div>\n<\/div>\n<\/div>\n<\/div>\n\n<div class=\"et_pb_row_5 et_pb_row et_pb_row_4col et_block_row et_block_row_4col\">\n<div class=\"et_pb_column_9 et_pb_column et_pb_column_1_4 et_block_column et_pb_css_mix_blend_mode_passthrough\">\n<div class=\"et_pb_group_4 et_pb_group et-last-child et_pb_module et_pb_css_mix_blend_mode_passthrough\">\n<div class=\"et_pb_image_5 et_pb_image et_pb_module et_flex_module\"><span class=\"et_pb_image_wrap\"><img loading=\"lazy\" decoding=\"async\" src=\"https:\/\/schockgroup.crmschock.com\/wp-content\/uploads\/2025\/07\/05-Selbsteinzug.png\" alt=\"Selbsteinzug f\u00fcr Teleskopschienen\" title=\"Selbsteinzug f\u00fcr Teleskopschienen\" width=\"250\" height=\"250\" sizes=\"(max-width: 250px) 100vw, 250px\" class=\"wp-image-1125\" \/><\/span><\/div>\n\n<div class=\"et_pb_text_7 et_pb_text et_pb_bg_layout_light et_pb_module et_flex_module\"><div class=\"et_pb_text_inner\"><h4 style=\"text-align: center;\">Self-close<\/h4>\n<p style=\"text-align: center;\">Automatically pulls the slide into the closed end position.<\/p>\n<\/div><\/div>\n<\/div>\n<\/div>\n\n<div class=\"et_pb_column_10 et_pb_column et_pb_column_1_4 et_block_column et_pb_css_mix_blend_mode_passthrough\">\n<div class=\"et_pb_group_5 et_pb_group et-last-child et_pb_module et_pb_css_mix_blend_mode_passthrough\">\n<div class=\"et_pb_image_6 et_pb_image et_pb_module et_flex_module\"><span class=\"et_pb_image_wrap\"><img loading=\"lazy\" decoding=\"async\" src=\"https:\/\/schockgroup.crmschock.com\/wp-content\/uploads\/2025\/07\/06-ged-selbsteinzug.png\" alt=\"Ged\u00e4mpfter Selbsteinzug f\u00fcr Teleskopschienen\" title=\"Ged\u00e4mpfter Selbsteinzug f\u00fcr Teleskopschienen\" width=\"250\" height=\"250\" sizes=\"(max-width: 250px) 100vw, 250px\" class=\"wp-image-1128\" \/><\/span><\/div>\n\n<div class=\"et_pb_text_8 et_pb_text et_pb_bg_layout_light et_pb_module et_flex_module\"><div class=\"et_pb_text_inner\"><h4 style=\"text-align: center;\">Soft-close<\/h4>\n<p style=\"text-align: center;\">Automatically pulls the slide gently and quietly into the closed end position.<\/p>\n<\/div><\/div>\n<\/div>\n<\/div>\n\n<div class=\"et_pb_column_11 et_pb_column et_pb_column_1_4 et_block_column et_pb_css_mix_blend_mode_passthrough\">\n<div class=\"et_pb_group_6 et_pb_group et-last-child et_pb_module et_pb_css_mix_blend_mode_passthrough\">\n<div class=\"et_pb_image_7 et_pb_image et_pb_module et_flex_module\"><span class=\"et_pb_image_wrap\"><img loading=\"lazy\" decoding=\"async\" src=\"https:\/\/schockgroup.crmschock.com\/wp-content\/uploads\/2025\/07\/07-aushalterung.png\" alt=\"Aushalterung f\u00fcr Teleskopschienen\" title=\"Aushalterung f\u00fcr Teleskopschienen\" width=\"250\" height=\"248\" sizes=\"(max-width: 250px) 100vw, 250px\" class=\"wp-image-1133\" \/><\/span><\/div>\n\n<div class=\"et_pb_text_9 et_pb_text et_pb_bg_layout_light et_pb_module et_flex_module\"><div class=\"et_pb_text_inner\"><h4 style=\"text-align: center;\">Hold-out<\/h4>\n<p style=\"text-align: center;\">Secures the slide in the open position with a defined force.<\/p>\n<\/div><\/div>\n<\/div>\n<\/div>\n\n<div class=\"et_pb_column_12 et_pb_column et_pb_column_1_4 et-last-child et_block_column et_pb_css_mix_blend_mode_passthrough\">\n<div class=\"et_pb_group_7 et_pb_group et-last-child et_pb_module et_pb_css_mix_blend_mode_passthrough\">\n<div class=\"et_pb_image_8 et_pb_image et_pb_module et_flex_module\"><span class=\"et_pb_image_wrap\"><img loading=\"lazy\" decoding=\"async\" src=\"https:\/\/schockgroup.crmschock.com\/wp-content\/uploads\/2025\/07\/08-verr-geoeffnet.png\" alt=\"Verriegelung ge\u00f6ffnet f\u00fcr Teleskopschienen\" title=\"Verriegelung ge\u00f6ffnet f\u00fcr Teleskopschienen\" width=\"250\" height=\"250\" sizes=\"(max-width: 250px) 100vw, 250px\" class=\"wp-image-1138\" \/><\/span><\/div>\n\n<div class=\"et_pb_text_10 et_pb_text et_pb_bg_layout_light et_pb_module et_flex_module\"><div class=\"et_pb_text_inner\"><h4 style=\"text-align: center;\">Lock-out<\/h4>\n<p style=\"text-align: center;\">Locks the slide in the open position. The lock can be released by operating a lever. <\/p>\n<\/div><\/div>\n<\/div>\n<\/div>\n<\/div>\n\n<div class=\"et_pb_row_6 et_pb_row et_pb_row_4col et_block_row et_block_row_4col\">\n<div class=\"et_pb_column_13 et_pb_column et_pb_column_1_4 et_block_column et_pb_css_mix_blend_mode_passthrough\">\n<div class=\"et_pb_group_8 et_pb_group et-last-child et_pb_module et_pb_css_mix_blend_mode_passthrough\">\n<div class=\"et_pb_image_9 et_pb_image et_pb_module et_flex_module\"><span class=\"et_pb_image_wrap\"><img loading=\"lazy\" decoding=\"async\" src=\"https:\/\/schockgroup.crmschock.com\/wp-content\/uploads\/2025\/07\/09-schnelltrennung.png\" alt=\"Schnelltrennung f\u00fcr Teleskopschienen\" title=\"Schnelltrennung f\u00fcr Teleskopschienen\" width=\"250\" height=\"248\" sizes=\"(max-width: 250px) 100vw, 250px\" class=\"wp-image-1143\" \/><\/span><\/div>\n\n<div class=\"et_pb_text_11 et_pb_text et_pb_bg_layout_light et_pb_module et_flex_module\"><div class=\"et_pb_text_inner\"><h4 style=\"text-align: center;\">Disconnect<\/h4>\n<p style=\"text-align: center;\">Allows the inner rail profile to be released by operating a lever.<\/p>\n<\/div><\/div>\n<\/div>\n<\/div>\n\n<div class=\"et_pb_column_14 et_pb_column et_pb_column_1_4 et_block_column et_pb_css_mix_blend_mode_passthrough\">\n<div class=\"et_pb_group_9 et_pb_group et-last-child et_pb_module et_pb_css_mix_blend_mode_passthrough\">\n<div class=\"et_pb_image_10 et_pb_image et_pb_module et_flex_module\"><span class=\"et_pb_image_wrap\"><img loading=\"lazy\" decoding=\"async\" src=\"https:\/\/schockgroup.crmschock.com\/wp-content\/uploads\/2025\/07\/10-airmotion.png\" alt=\"Air Motion\u00ae Kugel-Mix f\u00fcr Teleskopschienen\" title=\"Air Motion\u00ae Kugel-Mix f\u00fcr Teleskopschienen\" width=\"250\" height=\"248\" sizes=\"(max-width: 250px) 100vw, 250px\" class=\"wp-image-1147\" \/><\/span><\/div>\n\n<div class=\"et_pb_text_12 et_pb_text et_pb_bg_layout_light et_pb_module et_flex_module\"><div class=\"et_pb_text_inner\"><h4 style=\"text-align: center;\">Air Motion\u00ae<\/h4>\n<p style=\"text-align: center;\">Ball mix of plastic and metal balls for smooth and quiet running.<\/p>\n<\/div><\/div>\n<\/div>\n<\/div>\n\n<div class=\"et_pb_column_15 et_pb_column et_pb_column_1_4 et_block_column et_pb_column_empty et_pb_css_mix_blend_mode_passthrough\"><\/div>\n\n<div class=\"et_pb_column_16 et_pb_column et_pb_column_1_4 et-last-child et_block_column et_pb_column_empty et_pb_css_mix_blend_mode_passthrough\"><\/div>\n<\/div>\n\n<div class=\"et_pb_row_7 et_pb_row et_block_row\">\n<div class=\"et_pb_column_17 et_pb_column et_pb_column_4_4 et-last-child et_block_column et_pb_css_mix_blend_mode_passthrough\">\n<div class=\"et_pb_text_13 et_pb_text et_pb_bg_layout_light et_pb_module et_flex_module\"><div class=\"et_pb_text_inner\"><h2>Why SCHOCK telescopic slides? - system solutions <\/h2>\n<p>Our <strong>extension systems<\/strong> can be easily integrated into various applications, industries, and areas of use. They are durable, reliable, and versatile. Sophisticated technology, intuitive operation, and uncompromising quality \u2013 that's what SCHOCK stands for. Together, we will find the <strong>right solution for every industry and every requirement<\/strong>.   <\/p>\n<\/div><\/div>\n<\/div>\n<\/div>\n<\/div>","protected":false},"excerpt":{"rendered":"","protected":false},"author":2,"featured_media":0,"parent":0,"menu_order":0,"comment_status":"closed","ping_status":"closed","template":"","meta":{"_improvement_type_select":"improve_an_existing","_thumb_yes_seoaic":false,"_frame_yes_seoaic":false,"seoaic_generate_description":"","seoaic_improve_instructions_prompt":"","seoaic_rollback_content_improvement":"","seoaic_idea_thumbnail_generator":"","thumbnail_generated":false,"thumbnail_generate_prompt":"","seoaic_article_description":"","footnotes":""},"class_list":["post-2418","page","type-page","status-publish","hentry"],"yoast_head":"<!-- This site is optimized with the Yoast SEO plugin v27.3 - https:\/\/yoast.com\/product\/yoast-seo-wordpress\/ -->\n<title>Features - SCHOCK\u00ae Telescopic slides<\/title>\n<meta name=\"description\" content=\"SCHOCK telescopic slides and their optional features for more comfort, safety, and flexibility in linear motion.\" \/>\n<meta name=\"robots\" content=\"index, follow, max-snippet:-1, max-image-preview:large, max-video-preview:-1\" \/>\n<link rel=\"canonical\" href=\"https:\/\/schock-group.com\/en\/features\/\" \/>\n<meta property=\"og:locale\" content=\"en_US\" \/>\n<meta property=\"og:type\" content=\"article\" \/>\n<meta property=\"og:title\" content=\"Features - SCHOCK\u00ae Telescopic slides\" \/>\n<meta property=\"og:description\" content=\"SCHOCK telescopic slides and their optional features for more comfort, safety, and flexibility in linear motion.\" \/>\n<meta property=\"og:url\" content=\"https:\/\/schock-group.com\/en\/features\/\" \/>\n<meta property=\"og:site_name\" content=\"SCHOCK\u00ae Telescopic slides\" \/>\n<meta property=\"article:modified_time\" content=\"2025-08-29T07:30:34+00:00\" \/>\n<meta name=\"twitter:card\" content=\"summary_large_image\" \/>\n<script type=\"application\/ld+json\" class=\"yoast-schema-graph\">{\"@context\":\"https:\\\/\\\/schema.org\",\"@graph\":[{\"@type\":\"WebPage\",\"@id\":\"https:\\\/\\\/schock-group.com\\\/en\\\/features\\\/\",\"url\":\"https:\\\/\\\/schock-group.com\\\/en\\\/features\\\/\",\"name\":\"Features - SCHOCK\u00ae Telescopic slides\",\"isPartOf\":{\"@id\":\"https:\\\/\\\/schock-group.com\\\/en\\\/#website\"},\"datePublished\":\"2025-05-07T07:54:25+00:00\",\"dateModified\":\"2025-08-29T07:30:34+00:00\",\"description\":\"SCHOCK telescopic slides and their optional features for more comfort, safety, and flexibility in linear motion.\",\"breadcrumb\":{\"@id\":\"https:\\\/\\\/schock-group.com\\\/en\\\/features\\\/#breadcrumb\"},\"inLanguage\":\"en-US\",\"potentialAction\":[{\"@type\":\"ReadAction\",\"target\":[\"https:\\\/\\\/schock-group.com\\\/en\\\/features\\\/\"]}]},{\"@type\":\"BreadcrumbList\",\"@id\":\"https:\\\/\\\/schock-group.com\\\/en\\\/features\\\/#breadcrumb\",\"itemListElement\":[{\"@type\":\"ListItem\",\"position\":1,\"name\":\"Home\",\"item\":\"https:\\\/\\\/schock-group.com\\\/en\\\/\"},{\"@type\":\"ListItem\",\"position\":2,\"name\":\"Features\"}]},{\"@type\":\"WebSite\",\"@id\":\"https:\\\/\\\/schock-group.com\\\/en\\\/#website\",\"url\":\"https:\\\/\\\/schock-group.com\\\/en\\\/\",\"name\":\"Schock Group\",\"description\":\"Unabh\u00e4ngig. Pers\u00f6nlich. L\u00f6sungsorientiert.\",\"potentialAction\":[{\"@type\":\"SearchAction\",\"target\":{\"@type\":\"EntryPoint\",\"urlTemplate\":\"https:\\\/\\\/schock-group.com\\\/en\\\/?s={search_term_string}\"},\"query-input\":{\"@type\":\"PropertyValueSpecification\",\"valueRequired\":true,\"valueName\":\"search_term_string\"}}],\"inLanguage\":\"en-US\"}]}<\/script>\n<!-- \/ Yoast SEO plugin. -->","yoast_head_json":{"title":"Features - SCHOCK\u00ae Telescopic slides","description":"SCHOCK telescopic slides and their optional features for more comfort, safety, and flexibility in linear motion.","robots":{"index":"index","follow":"follow","max-snippet":"max-snippet:-1","max-image-preview":"max-image-preview:large","max-video-preview":"max-video-preview:-1"},"canonical":"https:\/\/schock-group.com\/en\/features\/","og_locale":"en_US","og_type":"article","og_title":"Features - SCHOCK\u00ae Telescopic slides","og_description":"SCHOCK telescopic slides and their optional features for more comfort, safety, and flexibility in linear motion.","og_url":"https:\/\/schock-group.com\/en\/features\/","og_site_name":"SCHOCK\u00ae Telescopic slides","article_modified_time":"2025-08-29T07:30:34+00:00","twitter_card":"summary_large_image","schema":{"@context":"https:\/\/schema.org","@graph":[{"@type":"WebPage","@id":"https:\/\/schock-group.com\/en\/features\/","url":"https:\/\/schock-group.com\/en\/features\/","name":"Features - SCHOCK\u00ae Telescopic slides","isPartOf":{"@id":"https:\/\/schock-group.com\/en\/#website"},"datePublished":"2025-05-07T07:54:25+00:00","dateModified":"2025-08-29T07:30:34+00:00","description":"SCHOCK telescopic slides and their optional features for more comfort, safety, and flexibility in linear motion.","breadcrumb":{"@id":"https:\/\/schock-group.com\/en\/features\/#breadcrumb"},"inLanguage":"en-US","potentialAction":[{"@type":"ReadAction","target":["https:\/\/schock-group.com\/en\/features\/"]}]},{"@type":"BreadcrumbList","@id":"https:\/\/schock-group.com\/en\/features\/#breadcrumb","itemListElement":[{"@type":"ListItem","position":1,"name":"Home","item":"https:\/\/schock-group.com\/en\/"},{"@type":"ListItem","position":2,"name":"Features"}]},{"@type":"WebSite","@id":"https:\/\/schock-group.com\/en\/#website","url":"https:\/\/schock-group.com\/en\/","name":"Schock Group","description":"Unabh\u00e4ngig. Pers\u00f6nlich. L\u00f6sungsorientiert.","potentialAction":[{"@type":"SearchAction","target":{"@type":"EntryPoint","urlTemplate":"https:\/\/schock-group.com\/en\/?s={search_term_string}"},"query-input":{"@type":"PropertyValueSpecification","valueRequired":true,"valueName":"search_term_string"}}],"inLanguage":"en-US"}]}},"_links":{"self":[{"href":"https:\/\/schock-group.com\/en\/wp-json\/wp\/v2\/pages\/2418","targetHints":{"allow":["GET"]}}],"collection":[{"href":"https:\/\/schock-group.com\/en\/wp-json\/wp\/v2\/pages"}],"about":[{"href":"https:\/\/schock-group.com\/en\/wp-json\/wp\/v2\/types\/page"}],"author":[{"embeddable":true,"href":"https:\/\/schock-group.com\/en\/wp-json\/wp\/v2\/users\/2"}],"replies":[{"embeddable":true,"href":"https:\/\/schock-group.com\/en\/wp-json\/wp\/v2\/comments?post=2418"}],"version-history":[{"count":5,"href":"https:\/\/schock-group.com\/en\/wp-json\/wp\/v2\/pages\/2418\/revisions"}],"predecessor-version":[{"id":3798,"href":"https:\/\/schock-group.com\/en\/wp-json\/wp\/v2\/pages\/2418\/revisions\/3798"}],"wp:attachment":[{"href":"https:\/\/schock-group.com\/en\/wp-json\/wp\/v2\/media?parent=2418"}],"curies":[{"name":"wp","href":"https:\/\/api.w.org\/{rel}","templated":true}]}}